{"id":87,"date":"2019-01-23T13:25:49","date_gmt":"2019-01-23T12:25:49","guid":{"rendered":"https:\/\/www.hdebalzac.fr\/la-serre\/index.php\/produit\/money-plant\/"},"modified":"2026-03-06T17:54:47","modified_gmt":"2026-03-06T16:54:47","slug":"gazania_splendens","status":"publish","type":"product","link":"https:\/\/www.hdebalzac.fr\/la-serre\/index.php\/produit\/gazania_splendens\/","title":{"rendered":"Gazania"},"content":{"rendered":"<p><em>Gazania splendens<\/em> hybride, Gazanie<br \/>\nVivace herbac\u00e9e en touffe, \u00e0 port \u00e9tal\u00e9, \u00e0 la floraison aux beaux jours, du printemps \u00e0 l&rsquo;automne, couleurs vari\u00e9es.<br \/>\nPour situations ensoleill\u00e9es, sol secs et drainant m\u00eame pauvre, r\u00e9sistant \u00e0 la s\u00e9cheresse.<\/p>\n","protected":false},"excerpt":{"rendered":"<p><em>Gazania splendens<\/em> hybride. Vivace m\u00e9diterran\u00e9enne au port \u00e9tal\u00e9, floraison longue et abondante en situation ensoleill\u00e9e.<\/p>\n","protected":false},"featured_media":1370,"comment_status":"open","ping_status":"closed","template":"","meta":{"om_disable_all_campaigns":false,"_mi_skip_tracking":false,"_monsterinsights_sitenote_active":false,"_monsterinsights_sitenote_note":"","_monsterinsights_sitenote_category":0,"site-sidebar-layout":"default","site-content-layout":"default","ast-global-header-display":"","ast-main-header-display":"","ast-hfb-above-header-display":"","ast-hfb-below-header-display":"","ast-hfb-mobile-header-display":"","site-post-title":"","ast-breadcrumbs-content":"","ast-featured-img":"","footer-sml-layout":"","theme-transparent-header-meta":"default","adv-header-id-meta":"","stick-header-meta":"","header-above-stick-meta":"","header-main-stick-meta":"","header-below-stick-meta":""},"product_cat":[49,17,29,48],"product_tag":[42],"class_list":["post-87","product","type-product","status-publish","has-post-thumbnail","hentry","product_cat-couvre_sol","product_cat-exterieur","product_cat-vivace","product_cat-vivace_herbacee","product_tag-mellifere","desktop-align-left","tablet-align-left","mobile-align-left"],"aioseo_notices":[],"_links":{"self":[{"href":"https:\/\/www.hdebalzac.fr\/la-serre\/index.php\/wp-json\/wp\/v2\/product\/87","targetHints":{"allow":["GET"]}}],"collection":[{"href":"https:\/\/www.hdebalzac.fr\/la-serre\/index.php\/wp-json\/wp\/v2\/product"}],"about":[{"href":"https:\/\/www.hdebalzac.fr\/la-serre\/index.php\/wp-json\/wp\/v2\/types\/product"}],"replies":[{"embeddable":true,"href":"https:\/\/www.hdebalzac.fr\/la-serre\/index.php\/wp-json\/wp\/v2\/comments?post=87"}],"wp:featuredmedia":[{"embeddable":true,"href":"https:\/\/www.hdebalzac.fr\/la-serre\/index.php\/wp-json\/wp\/v2\/media\/1370"}],"wp:attachment":[{"href":"https:\/\/www.hdebalzac.fr\/la-serre\/index.php\/wp-json\/wp\/v2\/media?parent=87"}],"wp:term":[{"taxonomy":"product_cat","embeddable":true,"href":"https:\/\/www.hdebalzac.fr\/la-serre\/index.php\/wp-json\/wp\/v2\/product_cat?post=87"},{"taxonomy":"product_tag","embeddable":true,"href":"https:\/\/www.hdebalzac.fr\/la-serre\/index.php\/wp-json\/wp\/v2\/product_tag?post=87"}],"curies":[{"name":"wp","href":"https:\/\/api.w.org\/{rel}","templated":true}]}}