{"id":86,"date":"2019-01-23T13:24:06","date_gmt":"2019-01-23T12:24:06","guid":{"rendered":"https:\/\/www.hdebalzac.fr\/la-serre\/index.php\/produit\/aluminum-plant\/"},"modified":"2026-03-06T17:55:42","modified_gmt":"2026-03-06T16:55:42","slug":"romarin","status":"publish","type":"product","link":"https:\/\/www.hdebalzac.fr\/la-serre\/index.php\/produit\/romarin\/","title":{"rendered":"Romarin"},"content":{"rendered":"<p>Romarin, <em>Rosmarinus officinalis<\/em> ou <em>Salvia rosmarinus<\/em>.<br \/>\nPlante vivace ligneuse, r\u00e9sistante \u00e0 la s\u00e9cheresse et adapt\u00e9e aux sols secs et calcaires, pour situations ensoleill\u00e9es.<br \/>\nFeuillage aromatique, utilis\u00e9 en cuisine comme condiment.<br \/>\nExiste avec des ports dress\u00e9s ou retombants en fonction des cultivars.<br \/>\nAdapt\u00e9 aussi pour une culture en pot ou en bac sur les balcons et les terrasses.<\/p>\n","protected":false},"excerpt":{"rendered":"<p>Le romarin est une plante commune de nos garrigues, \u00e0 la longue floraison \u00e9tal\u00e9e toute l&rsquo;ann\u00e9e, utilis\u00e9e comme plante aromatique, et butin\u00e9es par les abeilles.<\/p>\n","protected":false},"featured_media":1372,"comment_status":"open","ping_status":"closed","template":"","meta":{"om_disable_all_campaigns":false,"_mi_skip_tracking":false,"_monsterinsights_sitenote_active":false,"_monsterinsights_sitenote_note":"","_monsterinsights_sitenote_category":0,"site-sidebar-layout":"default","site-content-layout":"default","ast-global-header-display":"","ast-main-header-display":"","ast-hfb-above-header-display":"","ast-hfb-below-header-display":"","ast-hfb-mobile-header-display":"","site-post-title":"","ast-breadcrumbs-content":"","ast-featured-img":"","footer-sml-layout":"","theme-transparent-header-meta":"default","adv-header-id-meta":"","stick-header-meta":"","header-above-stick-meta":"","header-main-stick-meta":"","header-below-stick-meta":""},"product_cat":[38,17,29,47],"product_tag":[42],"class_list":["post-86","product","type-product","status-publish","has-post-thumbnail","hentry","product_cat-aromatique","product_cat-exterieur","product_cat-vivace","product_cat-vivace_ligneuse","product_tag-mellifere","desktop-align-left","tablet-align-left","mobile-align-left"],"aioseo_notices":[],"_links":{"self":[{"href":"https:\/\/www.hdebalzac.fr\/la-serre\/index.php\/wp-json\/wp\/v2\/product\/86","targetHints":{"allow":["GET"]}}],"collection":[{"href":"https:\/\/www.hdebalzac.fr\/la-serre\/index.php\/wp-json\/wp\/v2\/product"}],"about":[{"href":"https:\/\/www.hdebalzac.fr\/la-serre\/index.php\/wp-json\/wp\/v2\/types\/product"}],"replies":[{"embeddable":true,"href":"https:\/\/www.hdebalzac.fr\/la-serre\/index.php\/wp-json\/wp\/v2\/comments?post=86"}],"wp:featuredmedia":[{"embeddable":true,"href":"https:\/\/www.hdebalzac.fr\/la-serre\/index.php\/wp-json\/wp\/v2\/media\/1372"}],"wp:attachment":[{"href":"https:\/\/www.hdebalzac.fr\/la-serre\/index.php\/wp-json\/wp\/v2\/media?parent=86"}],"wp:term":[{"taxonomy":"product_cat","embeddable":true,"href":"https:\/\/www.hdebalzac.fr\/la-serre\/index.php\/wp-json\/wp\/v2\/product_cat?post=86"},{"taxonomy":"product_tag","embeddable":true,"href":"https:\/\/www.hdebalzac.fr\/la-serre\/index.php\/wp-json\/wp\/v2\/product_tag?post=86"}],"curies":[{"name":"wp","href":"https:\/\/api.w.org\/{rel}","templated":true}]}}