{"id":84,"date":"2019-01-23T13:20:21","date_gmt":"2019-01-23T12:20:21","guid":{"rendered":"https:\/\/www.hdebalzac.fr\/la-serre\/index.php\/produit\/green-soil-lotus\/"},"modified":"2025-09-30T17:02:37","modified_gmt":"2025-09-30T15:02:37","slug":"senecio-cineraria","status":"publish","type":"product","link":"https:\/\/www.hdebalzac.fr\/la-serre\/index.php\/produit\/senecio-cineraria\/","title":{"rendered":"Cin\u00e9raire maritime"},"content":{"rendered":"<p>La cin\u00e9raire maritime, <em>Senecio cineraria<\/em> ou <em>Cineraria maritima<\/em>, est une plante vivace m\u00e9diterran\u00e9enne. Elle est d\u00e9corative avec un feuillage gris \/ blanc, et avec une floraison jaune en printemps \/ \u00e9t\u00e9. Tr\u00e8s facile \u00e0 r\u00e9ussir elle se contente d&rsquo;un sol pauvre et sec, en situation ensoleill\u00e9e. Elle conviendra aussi aux balcons et terrasses.<\/p>\n","protected":false},"excerpt":{"rendered":"<p>La cin\u00e9raire maritime est originaire du pourtour m\u00e9diterran\u00e9en. Cette vivace est parfaite adapt\u00e9e aux massifs en plein soleil, en sols secs, et m\u00eame en bord de mer.<\/p>\n","protected":false},"featured_media":1376,"comment_status":"open","ping_status":"closed","template":"","meta":{"om_disable_all_campaigns":false,"_mi_skip_tracking":false,"_monsterinsights_sitenote_active":false,"_monsterinsights_sitenote_note":"","_monsterinsights_sitenote_category":0,"site-sidebar-layout":"default","site-content-layout":"default","ast-global-header-display":"","ast-main-header-display":"","ast-hfb-above-header-display":"","ast-hfb-below-header-display":"","ast-hfb-mobile-header-display":"","site-post-title":"","ast-breadcrumbs-content":"","ast-featured-img":"","footer-sml-layout":"","theme-transparent-header-meta":"default","adv-header-id-meta":"","stick-header-meta":"","header-above-stick-meta":"","header-main-stick-meta":"","header-below-stick-meta":""},"product_cat":[17,29,48,47],"product_tag":[42],"class_list":["post-84","product","type-product","status-publish","has-post-thumbnail","hentry","product_cat-exterieur","product_cat-vivace","product_cat-vivace_herbacee","product_cat-vivace_ligneuse","product_tag-mellifere","desktop-align-left","tablet-align-left","mobile-align-left"],"aioseo_notices":[],"_links":{"self":[{"href":"https:\/\/www.hdebalzac.fr\/la-serre\/index.php\/wp-json\/wp\/v2\/product\/84","targetHints":{"allow":["GET"]}}],"collection":[{"href":"https:\/\/www.hdebalzac.fr\/la-serre\/index.php\/wp-json\/wp\/v2\/product"}],"about":[{"href":"https:\/\/www.hdebalzac.fr\/la-serre\/index.php\/wp-json\/wp\/v2\/types\/product"}],"replies":[{"embeddable":true,"href":"https:\/\/www.hdebalzac.fr\/la-serre\/index.php\/wp-json\/wp\/v2\/comments?post=84"}],"wp:featuredmedia":[{"embeddable":true,"href":"https:\/\/www.hdebalzac.fr\/la-serre\/index.php\/wp-json\/wp\/v2\/media\/1376"}],"wp:attachment":[{"href":"https:\/\/www.hdebalzac.fr\/la-serre\/index.php\/wp-json\/wp\/v2\/media?parent=84"}],"wp:term":[{"taxonomy":"product_cat","embeddable":true,"href":"https:\/\/www.hdebalzac.fr\/la-serre\/index.php\/wp-json\/wp\/v2\/product_cat?post=84"},{"taxonomy":"product_tag","embeddable":true,"href":"https:\/\/www.hdebalzac.fr\/la-serre\/index.php\/wp-json\/wp\/v2\/product_tag?post=84"}],"curies":[{"name":"wp","href":"https:\/\/api.w.org\/{rel}","templated":true}]}}