{"id":1576,"date":"2021-10-12T18:16:52","date_gmt":"2021-10-12T16:16:52","guid":{"rendered":"https:\/\/www.hdebalzac.fr\/la-serre\/?post_type=product&#038;p=1576"},"modified":"2026-03-06T17:38:55","modified_gmt":"2026-03-06T16:38:55","slug":"poinsettia","status":"publish","type":"product","link":"https:\/\/www.hdebalzac.fr\/la-serre\/index.php\/produit\/poinsettia\/","title":{"rendered":"Poinsettia"},"content":{"rendered":"<p><em>Euphorbia pulcherrima,<\/em> Etoile de No\u00ebl. Plante originaire de l&rsquo;Am\u00e9rique tropicale, qui craint le froid, les courants d&rsquo;air, ou l&rsquo;eau froide. Elle a besoin de lumi\u00e8re sans soleil direct, de chaleur, d&rsquo;un arrosage r\u00e9gulier mais sans exc\u00e8s d&rsquo;eau. Pr\u00e9voir de l&rsquo;engrais pour favoriser une belle \u00ab\u00a0floraison\u00a0\u00bb. Ce sont les bract\u00e9es qui entourent les fleurs petites qui sont color\u00e9es .<\/p>\n","protected":false},"excerpt":{"rendered":"<p>Plante d&rsquo;int\u00e9rieur, \u00e0 la floraison spectaculaire l&rsquo;hiver, de couleur rouge, rose ou blanche.<\/p>\n","protected":false},"featured_media":1577,"comment_status":"open","ping_status":"closed","template":"","meta":{"om_disable_all_campaigns":false,"_mi_skip_tracking":false,"_monsterinsights_sitenote_active":false,"_monsterinsights_sitenote_note":"","_monsterinsights_sitenote_category":0,"site-sidebar-layout":"default","site-content-layout":"default","ast-global-header-display":"","ast-main-header-display":"","ast-hfb-above-header-display":"","ast-hfb-below-header-display":"","ast-hfb-mobile-header-display":"","site-post-title":"","ast-breadcrumbs-content":"","ast-featured-img":"","footer-sml-layout":"","theme-transparent-header-meta":"default","adv-header-id-meta":"","stick-header-meta":"","header-above-stick-meta":"","header-main-stick-meta":"","header-below-stick-meta":""},"product_cat":[31,19],"product_tag":[111],"class_list":["post-1576","product","type-product","status-publish","has-post-thumbnail","hentry","product_cat-plante_felurie","product_cat-interieur","product_tag-toxique","desktop-align-left","tablet-align-left","mobile-align-left"],"aioseo_notices":[],"_links":{"self":[{"href":"https:\/\/www.hdebalzac.fr\/la-serre\/index.php\/wp-json\/wp\/v2\/product\/1576","targetHints":{"allow":["GET"]}}],"collection":[{"href":"https:\/\/www.hdebalzac.fr\/la-serre\/index.php\/wp-json\/wp\/v2\/product"}],"about":[{"href":"https:\/\/www.hdebalzac.fr\/la-serre\/index.php\/wp-json\/wp\/v2\/types\/product"}],"replies":[{"embeddable":true,"href":"https:\/\/www.hdebalzac.fr\/la-serre\/index.php\/wp-json\/wp\/v2\/comments?post=1576"}],"wp:featuredmedia":[{"embeddable":true,"href":"https:\/\/www.hdebalzac.fr\/la-serre\/index.php\/wp-json\/wp\/v2\/media\/1577"}],"wp:attachment":[{"href":"https:\/\/www.hdebalzac.fr\/la-serre\/index.php\/wp-json\/wp\/v2\/media?parent=1576"}],"wp:term":[{"taxonomy":"product_cat","embeddable":true,"href":"https:\/\/www.hdebalzac.fr\/la-serre\/index.php\/wp-json\/wp\/v2\/product_cat?post=1576"},{"taxonomy":"product_tag","embeddable":true,"href":"https:\/\/www.hdebalzac.fr\/la-serre\/index.php\/wp-json\/wp\/v2\/product_tag?post=1576"}],"curies":[{"name":"wp","href":"https:\/\/api.w.org\/{rel}","templated":true}]}}