{"id":1555,"date":"2021-04-21T15:11:15","date_gmt":"2021-04-21T13:11:15","guid":{"rendered":"https:\/\/www.hdebalzac.fr\/la-serre\/?post_type=product&#038;p=1555"},"modified":"2026-03-06T17:40:53","modified_gmt":"2026-03-06T16:40:53","slug":"catharanthus","status":"publish","type":"product","link":"https:\/\/www.hdebalzac.fr\/la-serre\/index.php\/produit\/catharanthus\/","title":{"rendered":"Pervenche de Madagascar"},"content":{"rendered":"<p><em>Catharanthus roseus<\/em><i><\/i>, Pervenche de Madagascar. Hybride horticole, cultiv\u00e9 comme annuelle en pleine terre pour massifs, ou pour des pot\u00e9es fleuries, avec une floraison rouge, ou rose ou blanche, toute la belle saison. C&rsquo;est une plante qui a besoin de chaleur et de lumi\u00e8re, qui s&rsquo;adaptera \u00e0 la mi-ombre. Elle sera plant\u00e9e en massifs en pleine terre, mais dans une terre riche et drainante et sera alors cultiv\u00e9e en annuelle. De croissance rapide, cette plante profitera d&rsquo;apports d&rsquo;engrais, soit avec l&rsquo;eau d&rsquo;arrosage, soit \u00e0 lib\u00e9ration lente. Vivace, au feuillage qui peut disparaitre en hiver, c&rsquo;est une plante qui\u00a0 r\u00e9siste au froid peu marqu\u00e9 de nos hivers, mais qui devra \u00eatre hivern\u00e9e en pots. Elle convient aussi tr\u00e8s bien pour une culture en pots, pour balcons et terrasses.<\/p>\n","protected":false},"excerpt":{"rendered":"<p>Belle plante au port compact et \u00e0 la longue floraison spectaculaire (rouge, rose ou blanche), adapt\u00e9e aux massifs, aux balcons et aux terrasses. Pour une exposition lumineuse, supporte bien la chaleur, n&rsquo;aime pas l&rsquo;exc\u00e8s d&rsquo;eau, mais n\u00e9cessite un arrosage r\u00e9gulier.<\/p>\n","protected":false},"featured_media":1556,"comment_status":"open","ping_status":"closed","template":"","meta":{"om_disable_all_campaigns":false,"_mi_skip_tracking":false,"_monsterinsights_sitenote_active":false,"_monsterinsights_sitenote_note":"","_monsterinsights_sitenote_category":0,"site-sidebar-layout":"default","site-content-layout":"default","ast-global-header-display":"","ast-main-header-display":"","ast-hfb-above-header-display":"","ast-hfb-below-header-display":"","ast-hfb-mobile-header-display":"","site-post-title":"","ast-breadcrumbs-content":"","ast-featured-img":"","footer-sml-layout":"","theme-transparent-header-meta":"default","adv-header-id-meta":"","stick-header-meta":"","header-above-stick-meta":"","header-main-stick-meta":"","header-below-stick-meta":""},"product_cat":[30,17,32,48],"product_tag":[],"class_list":["post-1555","product","type-product","status-publish","has-post-thumbnail","hentry","product_cat-annuelle","product_cat-exterieur","product_cat-potee_fleurie","product_cat-vivace_herbacee","desktop-align-left","tablet-align-left","mobile-align-left"],"aioseo_notices":[],"_links":{"self":[{"href":"https:\/\/www.hdebalzac.fr\/la-serre\/index.php\/wp-json\/wp\/v2\/product\/1555","targetHints":{"allow":["GET"]}}],"collection":[{"href":"https:\/\/www.hdebalzac.fr\/la-serre\/index.php\/wp-json\/wp\/v2\/product"}],"about":[{"href":"https:\/\/www.hdebalzac.fr\/la-serre\/index.php\/wp-json\/wp\/v2\/types\/product"}],"replies":[{"embeddable":true,"href":"https:\/\/www.hdebalzac.fr\/la-serre\/index.php\/wp-json\/wp\/v2\/comments?post=1555"}],"wp:featuredmedia":[{"embeddable":true,"href":"https:\/\/www.hdebalzac.fr\/la-serre\/index.php\/wp-json\/wp\/v2\/media\/1556"}],"wp:attachment":[{"href":"https:\/\/www.hdebalzac.fr\/la-serre\/index.php\/wp-json\/wp\/v2\/media?parent=1555"}],"wp:term":[{"taxonomy":"product_cat","embeddable":true,"href":"https:\/\/www.hdebalzac.fr\/la-serre\/index.php\/wp-json\/wp\/v2\/product_cat?post=1555"},{"taxonomy":"product_tag","embeddable":true,"href":"https:\/\/www.hdebalzac.fr\/la-serre\/index.php\/wp-json\/wp\/v2\/product_tag?post=1555"}],"curies":[{"name":"wp","href":"https:\/\/api.w.org\/{rel}","templated":true}]}}