{"id":1552,"date":"2021-04-21T15:00:41","date_gmt":"2021-04-21T13:00:41","guid":{"rendered":"https:\/\/www.hdebalzac.fr\/la-serre\/?post_type=product&#038;p=1552"},"modified":"2026-03-06T17:41:16","modified_gmt":"2026-03-06T16:41:16","slug":"nemesia","status":"publish","type":"product","link":"https:\/\/www.hdebalzac.fr\/la-serre\/index.php\/produit\/nemesia\/","title":{"rendered":"Nemesia"},"content":{"rendered":"<p><em>Nemesia Sunsatia &lsquo;Cherry on Ice&rsquo;<\/em>. Plante annuelle id\u00e9ale en pot ou suspensions, \u00e0 la floraison spectaculaire aux beaux jours, du printemps \u00e0 l&rsquo;automne. Fleurs rouge et blanches.<br \/>\nPour situations ensoleill\u00e9es, voire mi-ombre. Arroser l&rsquo;\u00e9t\u00e9 pour une belle floraison. Peut aussi \u00eatre plant\u00e9e dans un sol l\u00e9ger et drainant.<\/p>\n","protected":false},"excerpt":{"rendered":"<p><em>Nemesia Sunsatia &lsquo;Cherry on Ice&rsquo;<\/em>. Annuelle pour balcons et terrasses.<\/p>\n","protected":false},"featured_media":1553,"comment_status":"open","ping_status":"closed","template":"","meta":{"om_disable_all_campaigns":false,"_mi_skip_tracking":false,"_monsterinsights_sitenote_active":false,"_monsterinsights_sitenote_note":"","_monsterinsights_sitenote_category":0,"site-sidebar-layout":"default","site-content-layout":"default","ast-global-header-display":"","ast-main-header-display":"","ast-hfb-above-header-display":"","ast-hfb-below-header-display":"","ast-hfb-mobile-header-display":"","site-post-title":"","ast-breadcrumbs-content":"","ast-featured-img":"","footer-sml-layout":"","theme-transparent-header-meta":"default","adv-header-id-meta":"","stick-header-meta":"","header-above-stick-meta":"","header-main-stick-meta":"","header-below-stick-meta":""},"product_cat":[30,17,41],"product_tag":[],"class_list":["post-1552","product","type-product","status-publish","has-post-thumbnail","hentry","product_cat-annuelle","product_cat-exterieur","product_cat-suspension","desktop-align-left","tablet-align-left","mobile-align-left"],"aioseo_notices":[],"_links":{"self":[{"href":"https:\/\/www.hdebalzac.fr\/la-serre\/index.php\/wp-json\/wp\/v2\/product\/1552","targetHints":{"allow":["GET"]}}],"collection":[{"href":"https:\/\/www.hdebalzac.fr\/la-serre\/index.php\/wp-json\/wp\/v2\/product"}],"about":[{"href":"https:\/\/www.hdebalzac.fr\/la-serre\/index.php\/wp-json\/wp\/v2\/types\/product"}],"replies":[{"embeddable":true,"href":"https:\/\/www.hdebalzac.fr\/la-serre\/index.php\/wp-json\/wp\/v2\/comments?post=1552"}],"wp:featuredmedia":[{"embeddable":true,"href":"https:\/\/www.hdebalzac.fr\/la-serre\/index.php\/wp-json\/wp\/v2\/media\/1553"}],"wp:attachment":[{"href":"https:\/\/www.hdebalzac.fr\/la-serre\/index.php\/wp-json\/wp\/v2\/media?parent=1552"}],"wp:term":[{"taxonomy":"product_cat","embeddable":true,"href":"https:\/\/www.hdebalzac.fr\/la-serre\/index.php\/wp-json\/wp\/v2\/product_cat?post=1552"},{"taxonomy":"product_tag","embeddable":true,"href":"https:\/\/www.hdebalzac.fr\/la-serre\/index.php\/wp-json\/wp\/v2\/product_tag?post=1552"}],"curies":[{"name":"wp","href":"https:\/\/api.w.org\/{rel}","templated":true}]}}