{"id":1539,"date":"2021-04-07T16:56:49","date_gmt":"2021-04-07T14:56:49","guid":{"rendered":"https:\/\/www.hdebalzac.fr\/la-serre\/?post_type=product&#038;p=1539"},"modified":"2026-03-06T17:43:45","modified_gmt":"2026-03-06T16:43:45","slug":"lantana","status":"publish","type":"product","link":"https:\/\/www.hdebalzac.fr\/la-serre\/index.php\/produit\/lantana\/","title":{"rendered":"Lantana"},"content":{"rendered":"<p><em>Lantana camara, <\/em>lantanier. Vivace sarmenteuse, \u00e0 port dress\u00e9 puis \u00e9tal\u00e9, croissance rapide, \u00e0 la floraison aux beaux jours, du printemps \u00e0 l&rsquo;automne. Pour situations ensoleill\u00e9es, sol secs et drainant m\u00eame pauvre, r\u00e9sistant \u00e0 la s\u00e9cheresse; il faudra l&rsquo;arroser pour une belle floraison estivale. Pour massifs, bordures, talus et m\u00eame en pots pour balcons et terrasses.<\/p>\n","protected":false},"excerpt":{"rendered":"<p><em>Lantana camara<\/em>. Vivace m\u00e9diterran\u00e9enne au port dress\u00e9, floraison longue et abondante en situation ensoleill\u00e9e. La couleur des petites fleurs passe du jaune au rose.<\/p>\n","protected":false},"featured_media":1540,"comment_status":"open","ping_status":"closed","template":"","meta":{"om_disable_all_campaigns":false,"_mi_skip_tracking":false,"_monsterinsights_sitenote_active":false,"_monsterinsights_sitenote_note":"","_monsterinsights_sitenote_category":0,"site-sidebar-layout":"default","site-content-layout":"default","ast-global-header-display":"","ast-main-header-display":"","ast-hfb-above-header-display":"","ast-hfb-below-header-display":"","ast-hfb-mobile-header-display":"","site-post-title":"","ast-breadcrumbs-content":"","ast-featured-img":"","footer-sml-layout":"","theme-transparent-header-meta":"default","adv-header-id-meta":"","stick-header-meta":"","header-above-stick-meta":"","header-main-stick-meta":"","header-below-stick-meta":""},"product_cat":[49,17,32,29,47],"product_tag":[111],"class_list":["post-1539","product","type-product","status-publish","has-post-thumbnail","hentry","product_cat-couvre_sol","product_cat-exterieur","product_cat-potee_fleurie","product_cat-vivace","product_cat-vivace_ligneuse","product_tag-toxique","desktop-align-left","tablet-align-left","mobile-align-left"],"aioseo_notices":[],"_links":{"self":[{"href":"https:\/\/www.hdebalzac.fr\/la-serre\/index.php\/wp-json\/wp\/v2\/product\/1539","targetHints":{"allow":["GET"]}}],"collection":[{"href":"https:\/\/www.hdebalzac.fr\/la-serre\/index.php\/wp-json\/wp\/v2\/product"}],"about":[{"href":"https:\/\/www.hdebalzac.fr\/la-serre\/index.php\/wp-json\/wp\/v2\/types\/product"}],"replies":[{"embeddable":true,"href":"https:\/\/www.hdebalzac.fr\/la-serre\/index.php\/wp-json\/wp\/v2\/comments?post=1539"}],"wp:featuredmedia":[{"embeddable":true,"href":"https:\/\/www.hdebalzac.fr\/la-serre\/index.php\/wp-json\/wp\/v2\/media\/1540"}],"wp:attachment":[{"href":"https:\/\/www.hdebalzac.fr\/la-serre\/index.php\/wp-json\/wp\/v2\/media?parent=1539"}],"wp:term":[{"taxonomy":"product_cat","embeddable":true,"href":"https:\/\/www.hdebalzac.fr\/la-serre\/index.php\/wp-json\/wp\/v2\/product_cat?post=1539"},{"taxonomy":"product_tag","embeddable":true,"href":"https:\/\/www.hdebalzac.fr\/la-serre\/index.php\/wp-json\/wp\/v2\/product_tag?post=1539"}],"curies":[{"name":"wp","href":"https:\/\/api.w.org\/{rel}","templated":true}]}}