{"id":1490,"date":"2021-04-06T21:04:04","date_gmt":"2021-04-06T19:04:04","guid":{"rendered":"https:\/\/www.hdebalzac.fr\/la-serre\/?post_type=product&#038;p=1490"},"modified":"2026-03-09T11:25:22","modified_gmt":"2026-03-09T10:25:22","slug":"dipladenia","status":"publish","type":"product","link":"https:\/\/www.hdebalzac.fr\/la-serre\/index.php\/produit\/dipladenia\/","title":{"rendered":"Dipladenia"},"content":{"rendered":"<p><em>Dipladenia sanderi, Mandevila sanderi, <\/em>Diplad\u00e9nia &lsquo;Sundaville&rsquo;. Hybrides horticoles. Divers cultivars aux fleurs roses ou rouges, pour des pot\u00e9es fleuries, avec une floraison toute la belle saison sur vos balcons ou vos terrasses. Port grimpant, \u00e0 tuteurer. C&rsquo;est une plante qui a besoin de lumi\u00e8re, qui s&rsquo;adaptera \u00e0 la mi-ombre, mais qui profitera d&rsquo;un arrosage r\u00e9gulier en veillant \u00e0 laisser s\u00e9cher le substrat entre deux arrosages, et d&rsquo;une fertilisation r\u00e9guli\u00e8re. Au printemps et en \u00e9t\u00e9, un engrais liquide sera ajout\u00e9 \u00e0 l&rsquo;eau d&rsquo;arrosage. A d\u00e9faut, incorporer un engrais chimique \u00e0 lib\u00e9ration lente. Vivace, c&rsquo;est une plante qui\u00a0 r\u00e9siste au froid peu marqu\u00e9 de nos hivers, mais qui devra \u00eatre taill\u00e9e au printemps. Ce cultive comme les p\u00e9largoniums.<\/p>\n","protected":false},"excerpt":{"rendered":"<p>Dipladenia\u00a0 pour pot\u00e9es fleuries, au port grimpant, \u00e0 la longue floraison, adapt\u00e9e aux balcons et terrasses, \u00e0 tuteurer, palisser ou \u00e0 laisser en port libre. Fleurs roses ou rouges.<\/p>\n","protected":false},"featured_media":1492,"comment_status":"open","ping_status":"closed","template":"","meta":{"om_disable_all_campaigns":false,"_mi_skip_tracking":false,"_monsterinsights_sitenote_active":false,"_monsterinsights_sitenote_note":"","_monsterinsights_sitenote_category":0,"site-sidebar-layout":"default","site-content-layout":"default","ast-global-header-display":"","ast-main-header-display":"","ast-hfb-above-header-display":"","ast-hfb-below-header-display":"","ast-hfb-mobile-header-display":"","site-post-title":"","ast-breadcrumbs-content":"","ast-featured-img":"","footer-sml-layout":"","theme-transparent-header-meta":"default","adv-header-id-meta":"","stick-header-meta":"","header-above-stick-meta":"","header-main-stick-meta":"","header-below-stick-meta":""},"product_cat":[30,49,39,17,32,41,29,47],"product_tag":[],"class_list":["post-1490","product","type-product","status-publish","has-post-thumbnail","hentry","product_cat-annuelle","product_cat-couvre_sol","product_cat-grimpante","product_cat-exterieur","product_cat-potee_fleurie","product_cat-suspension","product_cat-vivace","product_cat-vivace_ligneuse","desktop-align-left","tablet-align-left","mobile-align-left"],"aioseo_notices":[],"_links":{"self":[{"href":"https:\/\/www.hdebalzac.fr\/la-serre\/index.php\/wp-json\/wp\/v2\/product\/1490","targetHints":{"allow":["GET"]}}],"collection":[{"href":"https:\/\/www.hdebalzac.fr\/la-serre\/index.php\/wp-json\/wp\/v2\/product"}],"about":[{"href":"https:\/\/www.hdebalzac.fr\/la-serre\/index.php\/wp-json\/wp\/v2\/types\/product"}],"replies":[{"embeddable":true,"href":"https:\/\/www.hdebalzac.fr\/la-serre\/index.php\/wp-json\/wp\/v2\/comments?post=1490"}],"wp:featuredmedia":[{"embeddable":true,"href":"https:\/\/www.hdebalzac.fr\/la-serre\/index.php\/wp-json\/wp\/v2\/media\/1492"}],"wp:attachment":[{"href":"https:\/\/www.hdebalzac.fr\/la-serre\/index.php\/wp-json\/wp\/v2\/media?parent=1490"}],"wp:term":[{"taxonomy":"product_cat","embeddable":true,"href":"https:\/\/www.hdebalzac.fr\/la-serre\/index.php\/wp-json\/wp\/v2\/product_cat?post=1490"},{"taxonomy":"product_tag","embeddable":true,"href":"https:\/\/www.hdebalzac.fr\/la-serre\/index.php\/wp-json\/wp\/v2\/product_tag?post=1490"}],"curies":[{"name":"wp","href":"https:\/\/api.w.org\/{rel}","templated":true}]}}