{"id":1482,"date":"2021-04-06T21:01:19","date_gmt":"2021-04-06T19:01:19","guid":{"rendered":"https:\/\/www.hdebalzac.fr\/la-serre\/?post_type=product&#038;p=1482"},"modified":"2026-03-06T17:44:50","modified_gmt":"2026-03-06T16:44:50","slug":"clematite","status":"publish","type":"product","link":"https:\/\/www.hdebalzac.fr\/la-serre\/index.php\/produit\/clematite\/","title":{"rendered":"Cl\u00e9matite"},"content":{"rendered":"<p><em>Clematis hybrida<\/em>, Cl\u00e9matite hybride. Divers cultivar au divers coloris. Fleurs tr\u00e8s d\u00e9coratives, spectaculaires, au tons velout\u00e9s , aux couleurs pleines ou panach\u00e9es. Plantes grimpante \u00e0 laquelle il faut fournir un treillage pour qu&rsquo;elle s&rsquo;y accroche. Arroser r\u00e9guli\u00e8rement pour une belle floraison. Conviendra aux balcons et terrasses pour une culture en pots, comme \u00e0 une plantation en pleine terre.<\/p>\n","protected":false},"excerpt":{"rendered":"<p>Divers cultivars de cl\u00e9matites, plantes grimpantes de plein soleil, \u00e0 la floraison spectaculaire du printemps \u00e0 l&rsquo;\u00e9t\u00e9&#8230; Palissage n\u00e9cessaire.<\/p>\n","protected":false},"featured_media":1483,"comment_status":"open","ping_status":"closed","template":"","meta":{"om_disable_all_campaigns":false,"_mi_skip_tracking":false,"_monsterinsights_sitenote_active":false,"_monsterinsights_sitenote_note":"","_monsterinsights_sitenote_category":0,"site-sidebar-layout":"default","site-content-layout":"default","ast-global-header-display":"","ast-main-header-display":"","ast-hfb-above-header-display":"","ast-hfb-below-header-display":"","ast-hfb-mobile-header-display":"","site-post-title":"","ast-breadcrumbs-content":"","ast-featured-img":"","footer-sml-layout":"","theme-transparent-header-meta":"default","adv-header-id-meta":"","stick-header-meta":"","header-above-stick-meta":"","header-main-stick-meta":"","header-below-stick-meta":""},"product_cat":[39,17,32,29],"product_tag":[],"class_list":["post-1482","product","type-product","status-publish","has-post-thumbnail","hentry","product_cat-grimpante","product_cat-exterieur","product_cat-potee_fleurie","product_cat-vivace","desktop-align-left","tablet-align-left","mobile-align-left"],"aioseo_notices":[],"_links":{"self":[{"href":"https:\/\/www.hdebalzac.fr\/la-serre\/index.php\/wp-json\/wp\/v2\/product\/1482","targetHints":{"allow":["GET"]}}],"collection":[{"href":"https:\/\/www.hdebalzac.fr\/la-serre\/index.php\/wp-json\/wp\/v2\/product"}],"about":[{"href":"https:\/\/www.hdebalzac.fr\/la-serre\/index.php\/wp-json\/wp\/v2\/types\/product"}],"replies":[{"embeddable":true,"href":"https:\/\/www.hdebalzac.fr\/la-serre\/index.php\/wp-json\/wp\/v2\/comments?post=1482"}],"wp:featuredmedia":[{"embeddable":true,"href":"https:\/\/www.hdebalzac.fr\/la-serre\/index.php\/wp-json\/wp\/v2\/media\/1483"}],"wp:attachment":[{"href":"https:\/\/www.hdebalzac.fr\/la-serre\/index.php\/wp-json\/wp\/v2\/media?parent=1482"}],"wp:term":[{"taxonomy":"product_cat","embeddable":true,"href":"https:\/\/www.hdebalzac.fr\/la-serre\/index.php\/wp-json\/wp\/v2\/product_cat?post=1482"},{"taxonomy":"product_tag","embeddable":true,"href":"https:\/\/www.hdebalzac.fr\/la-serre\/index.php\/wp-json\/wp\/v2\/product_tag?post=1482"}],"curies":[{"name":"wp","href":"https:\/\/api.w.org\/{rel}","templated":true}]}}