{"id":1477,"date":"2021-04-06T19:58:56","date_gmt":"2021-04-06T17:58:56","guid":{"rendered":"https:\/\/www.hdebalzac.fr\/la-serre\/?post_type=product&#038;p=1477"},"modified":"2026-03-06T17:45:19","modified_gmt":"2026-03-06T16:45:19","slug":"surfinia","status":"publish","type":"product","link":"https:\/\/www.hdebalzac.fr\/la-serre\/index.php\/produit\/surfinia\/","title":{"rendered":"Petunia &lsquo;Surfinia&rsquo;"},"content":{"rendered":"<p><em>Petunia &lsquo;Surfinia&rsquo;<\/em>. Divers cultivars qui sont des grands classiques pour des suspensions, avec une floraison abondante toute la belle saison sur vos balcons ou vos terrasses. Coloris vari\u00e9s et originaux. C&rsquo;est une plante qui a besoin de lumi\u00e8re, qui s&rsquo;adaptera \u00e0 la mi-ombre, mais qui profitera d&rsquo;un arrosage r\u00e9gulier en veillant \u00e0 laisser s\u00e9cher le substrat entre deux arrosages, et d&rsquo;une fertilisation r\u00e9guli\u00e8re. Au printemps et en \u00e9t\u00e9, un engrais liquide sera ajout\u00e9 \u00e0 l&rsquo;eau d&rsquo;arrosage. A d\u00e9faut, incorporer un engrais chimique \u00e0 lib\u00e9ration lente. Cultiv\u00e9 en annuelle.<\/p>\n","protected":false},"excerpt":{"rendered":"<p>P\u00e9tunia s\u00e9rie &lsquo;Surfinia&rsquo;, tr\u00e8s belle floraison, forte croissance, port tr\u00e8s retombant.<\/p>\n","protected":false},"featured_media":1478,"comment_status":"open","ping_status":"closed","template":"","meta":{"om_disable_all_campaigns":false,"_mi_skip_tracking":false,"_monsterinsights_sitenote_active":false,"_monsterinsights_sitenote_note":"","_monsterinsights_sitenote_category":0,"site-sidebar-layout":"default","site-content-layout":"default","ast-global-header-display":"","ast-main-header-display":"","ast-hfb-above-header-display":"","ast-hfb-below-header-display":"","ast-hfb-mobile-header-display":"","site-post-title":"","ast-breadcrumbs-content":"","ast-featured-img":"","footer-sml-layout":"","theme-transparent-header-meta":"default","adv-header-id-meta":"","stick-header-meta":"","header-above-stick-meta":"","header-main-stick-meta":"","header-below-stick-meta":""},"product_cat":[30,17,32,41],"product_tag":[],"class_list":["post-1477","product","type-product","status-publish","has-post-thumbnail","hentry","product_cat-annuelle","product_cat-exterieur","product_cat-potee_fleurie","product_cat-suspension","desktop-align-left","tablet-align-left","mobile-align-left"],"aioseo_notices":[],"_links":{"self":[{"href":"https:\/\/www.hdebalzac.fr\/la-serre\/index.php\/wp-json\/wp\/v2\/product\/1477","targetHints":{"allow":["GET"]}}],"collection":[{"href":"https:\/\/www.hdebalzac.fr\/la-serre\/index.php\/wp-json\/wp\/v2\/product"}],"about":[{"href":"https:\/\/www.hdebalzac.fr\/la-serre\/index.php\/wp-json\/wp\/v2\/types\/product"}],"replies":[{"embeddable":true,"href":"https:\/\/www.hdebalzac.fr\/la-serre\/index.php\/wp-json\/wp\/v2\/comments?post=1477"}],"wp:featuredmedia":[{"embeddable":true,"href":"https:\/\/www.hdebalzac.fr\/la-serre\/index.php\/wp-json\/wp\/v2\/media\/1478"}],"wp:attachment":[{"href":"https:\/\/www.hdebalzac.fr\/la-serre\/index.php\/wp-json\/wp\/v2\/media?parent=1477"}],"wp:term":[{"taxonomy":"product_cat","embeddable":true,"href":"https:\/\/www.hdebalzac.fr\/la-serre\/index.php\/wp-json\/wp\/v2\/product_cat?post=1477"},{"taxonomy":"product_tag","embeddable":true,"href":"https:\/\/www.hdebalzac.fr\/la-serre\/index.php\/wp-json\/wp\/v2\/product_tag?post=1477"}],"curies":[{"name":"wp","href":"https:\/\/api.w.org\/{rel}","templated":true}]}}