{"id":1470,"date":"2021-04-06T17:48:11","date_gmt":"2021-04-06T15:48:11","guid":{"rendered":"https:\/\/www.hdebalzac.fr\/la-serre\/?post_type=product&#038;p=1470"},"modified":"2026-03-06T17:47:16","modified_gmt":"2026-03-06T16:47:16","slug":"geranium-lierre","status":"publish","type":"product","link":"https:\/\/www.hdebalzac.fr\/la-serre\/index.php\/produit\/geranium-lierre\/","title":{"rendered":"G\u00e9ranium lierre"},"content":{"rendered":"<p><em>Pelargonium xpeltatum, Pelargonium xhederaefolium,<\/em> G\u00e9ranium lierre, G\u00e9ranium roi des balcons. Hybrides horticoles de <em>Pelargonium<\/em>, appel\u00e9s G\u00e9ranium. Divers cultivars qui sont des grands classiques pour des pot\u00e9es fleuries, avec une floraison toute la belle saison sur vos balcons ou vos terrasses. Coloris vari\u00e9s. C&rsquo;est une plante qui a besoin de lumi\u00e8re, qui s&rsquo;adaptera \u00e0 la mi-ombre, mais qui profitera d&rsquo;un arrosage r\u00e9gulier en veillant \u00e0 laisser s\u00e9cher le substrat entre deux arrosages, et d&rsquo;une fertilisation r\u00e9guli\u00e8re. Au printemps et en \u00e9t\u00e9, un engrais liquide sera ajout\u00e9 \u00e0 l&rsquo;eau d&rsquo;arrosage. A d\u00e9faut, incorporer un engrais chimique \u00e0 lib\u00e9ration lente. Vivace, c&rsquo;est une plante qui\u00a0 r\u00e9siste au froid peu marqu\u00e9 de nos hivers, mais qui devra \u00eatre taill\u00e9e au printemps. A rentrer en situations froides.<\/p>\n","protected":false},"excerpt":{"rendered":"<p>G\u00e9ranium \u00ab\u00a0Roi des Balcons\u00a0\u00bb pour pot\u00e9es fleuries, au port retombant, \u00e0 la longue floraison spectaculaire, adapt\u00e9e aux balcons et terrasses pour de magnifiques suspensions. Les diff\u00e9rents cultivars offre une large gamme de couleurs.<\/p>\n","protected":false},"featured_media":1471,"comment_status":"open","ping_status":"closed","template":"","meta":{"om_disable_all_campaigns":false,"_mi_skip_tracking":false,"_monsterinsights_sitenote_active":false,"_monsterinsights_sitenote_note":"","_monsterinsights_sitenote_category":0,"site-sidebar-layout":"default","site-content-layout":"default","ast-global-header-display":"","ast-main-header-display":"","ast-hfb-above-header-display":"","ast-hfb-below-header-display":"","ast-hfb-mobile-header-display":"","site-post-title":"","ast-breadcrumbs-content":"","ast-featured-img":"","footer-sml-layout":"","theme-transparent-header-meta":"default","adv-header-id-meta":"","stick-header-meta":"","header-above-stick-meta":"","header-main-stick-meta":"","header-below-stick-meta":""},"product_cat":[30,49,17,32,41,29],"product_tag":[],"class_list":["post-1470","product","type-product","status-publish","has-post-thumbnail","hentry","product_cat-annuelle","product_cat-couvre_sol","product_cat-exterieur","product_cat-potee_fleurie","product_cat-suspension","product_cat-vivace","desktop-align-left","tablet-align-left","mobile-align-left"],"aioseo_notices":[],"_links":{"self":[{"href":"https:\/\/www.hdebalzac.fr\/la-serre\/index.php\/wp-json\/wp\/v2\/product\/1470","targetHints":{"allow":["GET"]}}],"collection":[{"href":"https:\/\/www.hdebalzac.fr\/la-serre\/index.php\/wp-json\/wp\/v2\/product"}],"about":[{"href":"https:\/\/www.hdebalzac.fr\/la-serre\/index.php\/wp-json\/wp\/v2\/types\/product"}],"replies":[{"embeddable":true,"href":"https:\/\/www.hdebalzac.fr\/la-serre\/index.php\/wp-json\/wp\/v2\/comments?post=1470"}],"wp:featuredmedia":[{"embeddable":true,"href":"https:\/\/www.hdebalzac.fr\/la-serre\/index.php\/wp-json\/wp\/v2\/media\/1471"}],"wp:attachment":[{"href":"https:\/\/www.hdebalzac.fr\/la-serre\/index.php\/wp-json\/wp\/v2\/media?parent=1470"}],"wp:term":[{"taxonomy":"product_cat","embeddable":true,"href":"https:\/\/www.hdebalzac.fr\/la-serre\/index.php\/wp-json\/wp\/v2\/product_cat?post=1470"},{"taxonomy":"product_tag","embeddable":true,"href":"https:\/\/www.hdebalzac.fr\/la-serre\/index.php\/wp-json\/wp\/v2\/product_tag?post=1470"}],"curies":[{"name":"wp","href":"https:\/\/api.w.org\/{rel}","templated":true}]}}