{"id":1455,"date":"2021-04-06T17:15:16","date_gmt":"2021-04-06T15:15:16","guid":{"rendered":"https:\/\/www.hdebalzac.fr\/la-serre\/?post_type=product&#038;p=1455"},"modified":"2026-03-06T17:48:13","modified_gmt":"2026-03-06T16:48:13","slug":"impatiens-walleriana","status":"publish","type":"product","link":"https:\/\/www.hdebalzac.fr\/la-serre\/index.php\/produit\/impatiens-walleriana\/","title":{"rendered":"Impatiens walleriana"},"content":{"rendered":"<p><em>Impatiens walleriana, <\/em>Impatiente de Waller, Balsamine de Waller. Divers cultivars\u00a0 horticoles, cultiv\u00e9 comme annuelle en pleine terre pour massifs, ou pour des pot\u00e9es fleuries, avec une floraison pourpre, rouge, ou rose ou blanche, toute la belle saison. De croissance rapide elle pourra atteindre 20 \u00e0 40 cm de haut. C&rsquo;est une plante qui a besoin de chaleur et de lumi\u00e8re, adapt\u00e9e \u00e0 la mi-ombre, voire l&rsquo;ombre. Elle sera plant\u00e9e en massifs en pleine terre, mais dans une terre riche et drainante et sera alors cultiv\u00e9e en annuelle. De croissance rapide, cette plante profitera d&rsquo;apports d&rsquo;engrais, soit avec l&rsquo;eau d&rsquo;arrosage, soit \u00e0 lib\u00e9ration lente. Elle convient aussi tr\u00e8s bien pour une culture en pots, pour balcons et terrasses.<\/p>\n","protected":false},"excerpt":{"rendered":"<p>Belle plante au port compact et \u00e0 la longue floraison (pourpre, rouge, rose ou blanche), adapt\u00e9e aux massifs, aux balcons et aux terrasses. Pour une exposition ombrag\u00e9e, n\u00e9cessite un arrosage r\u00e9gulier.<\/p>\n","protected":false},"featured_media":1456,"comment_status":"open","ping_status":"closed","template":"","meta":{"om_disable_all_campaigns":false,"_mi_skip_tracking":false,"_monsterinsights_sitenote_active":false,"_monsterinsights_sitenote_note":"","_monsterinsights_sitenote_category":0,"site-sidebar-layout":"default","site-content-layout":"default","ast-global-header-display":"","ast-main-header-display":"","ast-hfb-above-header-display":"","ast-hfb-below-header-display":"","ast-hfb-mobile-header-display":"","site-post-title":"","ast-breadcrumbs-content":"","ast-featured-img":"","footer-sml-layout":"","theme-transparent-header-meta":"default","adv-header-id-meta":"","stick-header-meta":"","header-above-stick-meta":"","header-main-stick-meta":"","header-below-stick-meta":""},"product_cat":[30,17,32,41],"product_tag":[],"class_list":["post-1455","product","type-product","status-publish","has-post-thumbnail","hentry","product_cat-annuelle","product_cat-exterieur","product_cat-potee_fleurie","product_cat-suspension","desktop-align-left","tablet-align-left","mobile-align-left"],"aioseo_notices":[],"_links":{"self":[{"href":"https:\/\/www.hdebalzac.fr\/la-serre\/index.php\/wp-json\/wp\/v2\/product\/1455","targetHints":{"allow":["GET"]}}],"collection":[{"href":"https:\/\/www.hdebalzac.fr\/la-serre\/index.php\/wp-json\/wp\/v2\/product"}],"about":[{"href":"https:\/\/www.hdebalzac.fr\/la-serre\/index.php\/wp-json\/wp\/v2\/types\/product"}],"replies":[{"embeddable":true,"href":"https:\/\/www.hdebalzac.fr\/la-serre\/index.php\/wp-json\/wp\/v2\/comments?post=1455"}],"wp:featuredmedia":[{"embeddable":true,"href":"https:\/\/www.hdebalzac.fr\/la-serre\/index.php\/wp-json\/wp\/v2\/media\/1456"}],"wp:attachment":[{"href":"https:\/\/www.hdebalzac.fr\/la-serre\/index.php\/wp-json\/wp\/v2\/media?parent=1455"}],"wp:term":[{"taxonomy":"product_cat","embeddable":true,"href":"https:\/\/www.hdebalzac.fr\/la-serre\/index.php\/wp-json\/wp\/v2\/product_cat?post=1455"},{"taxonomy":"product_tag","embeddable":true,"href":"https:\/\/www.hdebalzac.fr\/la-serre\/index.php\/wp-json\/wp\/v2\/product_tag?post=1455"}],"curies":[{"name":"wp","href":"https:\/\/api.w.org\/{rel}","templated":true}]}}