{"id":1392,"date":"2021-03-12T18:38:34","date_gmt":"2021-03-12T17:38:34","guid":{"rendered":"https:\/\/www.hdebalzac.fr\/la-serre\/?post_type=product&#038;p=1392"},"modified":"2026-03-06T17:50:12","modified_gmt":"2026-03-06T16:50:12","slug":"alstroemeria","status":"publish","type":"product","link":"https:\/\/www.hdebalzac.fr\/la-serre\/index.php\/produit\/alstroemeria\/","title":{"rendered":"Alstroemeria"},"content":{"rendered":"<p><em>Alstroemeria hybrida<\/em>, Alstrom\u00e8re hybride, Lis des Incas, Lis du P\u00e9rou. Vivace rhizomateuse, au feuillage qui peut disparaitre en hiver, mais la plante r\u00e9siste au froid peu marqu\u00e9 de nos hivers. La floraison est abondante et spectaculaire; les fleurs peuvent s&rsquo;utiliser pour la composition de beaux bouquets. Les coloris sont vari\u00e9s, allant du blanc au rouge sombre, avec des oranges ou jaunes, et les p\u00e9tales de sont pas de couleur unie. Parfaitement adapt\u00e9e pour les massifs ou la culture en pots.<\/p>\n","protected":false},"excerpt":{"rendered":"<p>Belle plante vivace \u00e0 la longue floraison spectaculaire, adapt\u00e9e aux jardins m\u00e9diterran\u00e9ens, aux balcons et terrasses. Coloris vari\u00e9s.<\/p>\n","protected":false},"featured_media":1393,"comment_status":"open","ping_status":"closed","template":"","meta":{"om_disable_all_campaigns":false,"_mi_skip_tracking":false,"_monsterinsights_sitenote_active":false,"_monsterinsights_sitenote_note":"","_monsterinsights_sitenote_category":0,"site-sidebar-layout":"default","site-content-layout":"default","ast-global-header-display":"","ast-main-header-display":"","ast-hfb-above-header-display":"","ast-hfb-below-header-display":"","ast-hfb-mobile-header-display":"","site-post-title":"","ast-breadcrumbs-content":"","ast-featured-img":"","footer-sml-layout":"","theme-transparent-header-meta":"default","adv-header-id-meta":"","stick-header-meta":"","header-above-stick-meta":"","header-main-stick-meta":"","header-below-stick-meta":""},"product_cat":[17,32,29,48],"product_tag":[111],"class_list":["post-1392","product","type-product","status-publish","has-post-thumbnail","hentry","product_cat-exterieur","product_cat-potee_fleurie","product_cat-vivace","product_cat-vivace_herbacee","product_tag-toxique","desktop-align-left","tablet-align-left","mobile-align-left"],"aioseo_notices":[],"_links":{"self":[{"href":"https:\/\/www.hdebalzac.fr\/la-serre\/index.php\/wp-json\/wp\/v2\/product\/1392","targetHints":{"allow":["GET"]}}],"collection":[{"href":"https:\/\/www.hdebalzac.fr\/la-serre\/index.php\/wp-json\/wp\/v2\/product"}],"about":[{"href":"https:\/\/www.hdebalzac.fr\/la-serre\/index.php\/wp-json\/wp\/v2\/types\/product"}],"replies":[{"embeddable":true,"href":"https:\/\/www.hdebalzac.fr\/la-serre\/index.php\/wp-json\/wp\/v2\/comments?post=1392"}],"wp:featuredmedia":[{"embeddable":true,"href":"https:\/\/www.hdebalzac.fr\/la-serre\/index.php\/wp-json\/wp\/v2\/media\/1393"}],"wp:attachment":[{"href":"https:\/\/www.hdebalzac.fr\/la-serre\/index.php\/wp-json\/wp\/v2\/media?parent=1392"}],"wp:term":[{"taxonomy":"product_cat","embeddable":true,"href":"https:\/\/www.hdebalzac.fr\/la-serre\/index.php\/wp-json\/wp\/v2\/product_cat?post=1392"},{"taxonomy":"product_tag","embeddable":true,"href":"https:\/\/www.hdebalzac.fr\/la-serre\/index.php\/wp-json\/wp\/v2\/product_tag?post=1392"}],"curies":[{"name":"wp","href":"https:\/\/api.w.org\/{rel}","templated":true}]}}