{"id":1384,"date":"2021-03-12T17:31:49","date_gmt":"2021-03-12T16:31:49","guid":{"rendered":"https:\/\/www.hdebalzac.fr\/la-serre\/?post_type=product&#038;p=1384"},"modified":"2026-03-06T17:50:50","modified_gmt":"2026-03-06T16:50:50","slug":"euryops","status":"publish","type":"product","link":"https:\/\/www.hdebalzac.fr\/la-serre\/index.php\/produit\/euryops\/","title":{"rendered":"Euryops"},"content":{"rendered":"<p><em>Euryops chrysantemoides<\/em>, Euryops \u00e0 fleurs de chrysanth\u00e8me, vivace m\u00e9diterran\u00e9enne originaire d&rsquo;Afrique du sud, au port buissonnant arrondie, avec des fleurs \u00ab\u00a0de marguerite\u00a0\u00bb jaunes, \u00e0 la floraison en jours courts, c&rsquo;est \u00e0 dire en automne et hiver. Id\u00e9al pour les massifs, mais aussi en pot\u00e9es fleuries pour balcons et terrasses. Adapt\u00e9 au bord de mer.<\/p>\n","protected":false},"excerpt":{"rendered":"<p>Belle vivace buissonnante m\u00e9diterran\u00e9enne \u00e0 la floraison jaune en automne et hiver.<\/p>\n","protected":false},"featured_media":1386,"comment_status":"open","ping_status":"closed","template":"","meta":{"om_disable_all_campaigns":false,"_mi_skip_tracking":false,"_monsterinsights_sitenote_active":false,"_monsterinsights_sitenote_note":"","_monsterinsights_sitenote_category":0,"site-sidebar-layout":"default","site-content-layout":"default","ast-global-header-display":"","ast-main-header-display":"","ast-hfb-above-header-display":"","ast-hfb-below-header-display":"","ast-hfb-mobile-header-display":"","site-post-title":"","ast-breadcrumbs-content":"","ast-featured-img":"","footer-sml-layout":"","theme-transparent-header-meta":"default","adv-header-id-meta":"","stick-header-meta":"","header-above-stick-meta":"","header-main-stick-meta":"","header-below-stick-meta":""},"product_cat":[17,32,29,47],"product_tag":[42],"class_list":["post-1384","product","type-product","status-publish","has-post-thumbnail","hentry","product_cat-exterieur","product_cat-potee_fleurie","product_cat-vivace","product_cat-vivace_ligneuse","product_tag-mellifere","desktop-align-left","tablet-align-left","mobile-align-left"],"aioseo_notices":[],"_links":{"self":[{"href":"https:\/\/www.hdebalzac.fr\/la-serre\/index.php\/wp-json\/wp\/v2\/product\/1384","targetHints":{"allow":["GET"]}}],"collection":[{"href":"https:\/\/www.hdebalzac.fr\/la-serre\/index.php\/wp-json\/wp\/v2\/product"}],"about":[{"href":"https:\/\/www.hdebalzac.fr\/la-serre\/index.php\/wp-json\/wp\/v2\/types\/product"}],"replies":[{"embeddable":true,"href":"https:\/\/www.hdebalzac.fr\/la-serre\/index.php\/wp-json\/wp\/v2\/comments?post=1384"}],"wp:featuredmedia":[{"embeddable":true,"href":"https:\/\/www.hdebalzac.fr\/la-serre\/index.php\/wp-json\/wp\/v2\/media\/1386"}],"wp:attachment":[{"href":"https:\/\/www.hdebalzac.fr\/la-serre\/index.php\/wp-json\/wp\/v2\/media?parent=1384"}],"wp:term":[{"taxonomy":"product_cat","embeddable":true,"href":"https:\/\/www.hdebalzac.fr\/la-serre\/index.php\/wp-json\/wp\/v2\/product_cat?post=1384"},{"taxonomy":"product_tag","embeddable":true,"href":"https:\/\/www.hdebalzac.fr\/la-serre\/index.php\/wp-json\/wp\/v2\/product_tag?post=1384"}],"curies":[{"name":"wp","href":"https:\/\/api.w.org\/{rel}","templated":true}]}}