{"id":1380,"date":"2021-03-12T16:59:21","date_gmt":"2021-03-12T15:59:21","guid":{"rendered":"https:\/\/www.hdebalzac.fr\/la-serre\/?post_type=product&#038;p=1380"},"modified":"2026-03-06T17:51:59","modified_gmt":"2026-03-06T16:51:59","slug":"fraisier","status":"publish","type":"product","link":"https:\/\/www.hdebalzac.fr\/la-serre\/index.php\/produit\/fraisier\/","title":{"rendered":"Fraisier"},"content":{"rendered":"<p>Fraisiers hybrides, <em>Fragaria xananassa<\/em>, s\u00e9lection de cultivars produisant des fruits parfum\u00e9s comme &lsquo;Anais&rsquo; et &lsquo;Anabelle&rsquo;. Fraisiers remontants, r\u00e9colte en \u00e9t\u00e9 et automne. Demandent un riche, amend\u00e9, frais, fertilisation r\u00e9guli\u00e8re n\u00e9cessaire. Paillage recommand\u00e9.<\/p>\n","protected":false},"excerpt":{"rendered":"<p>Cultivars &lsquo;Ana\u00efs&rsquo;, &lsquo;Charlotte&rsquo;, &lsquo;Mara des Bois&rsquo;, avec des fraises d\u00e9licieusement parfum\u00e9es. De culture facile en sol frais et riche.<\/p>\n","protected":false},"featured_media":1383,"comment_status":"open","ping_status":"closed","template":"","meta":{"om_disable_all_campaigns":false,"_mi_skip_tracking":false,"_monsterinsights_sitenote_active":false,"_monsterinsights_sitenote_note":"","_monsterinsights_sitenote_category":0,"site-sidebar-layout":"default","site-content-layout":"default","ast-global-header-display":"","ast-main-header-display":"","ast-hfb-above-header-display":"","ast-hfb-below-header-display":"","ast-hfb-mobile-header-display":"","site-post-title":"","ast-breadcrumbs-content":"","ast-featured-img":"","footer-sml-layout":"","theme-transparent-header-meta":"default","adv-header-id-meta":"","stick-header-meta":"","header-above-stick-meta":"","header-main-stick-meta":"","header-below-stick-meta":""},"product_cat":[35,17,29,48],"product_tag":[42],"class_list":["post-1380","product","type-product","status-publish","has-post-thumbnail","hentry","product_cat-petits_fruits","product_cat-exterieur","product_cat-vivace","product_cat-vivace_herbacee","product_tag-mellifere","desktop-align-left","tablet-align-left","mobile-align-left"],"aioseo_notices":[],"_links":{"self":[{"href":"https:\/\/www.hdebalzac.fr\/la-serre\/index.php\/wp-json\/wp\/v2\/product\/1380","targetHints":{"allow":["GET"]}}],"collection":[{"href":"https:\/\/www.hdebalzac.fr\/la-serre\/index.php\/wp-json\/wp\/v2\/product"}],"about":[{"href":"https:\/\/www.hdebalzac.fr\/la-serre\/index.php\/wp-json\/wp\/v2\/types\/product"}],"replies":[{"embeddable":true,"href":"https:\/\/www.hdebalzac.fr\/la-serre\/index.php\/wp-json\/wp\/v2\/comments?post=1380"}],"wp:featuredmedia":[{"embeddable":true,"href":"https:\/\/www.hdebalzac.fr\/la-serre\/index.php\/wp-json\/wp\/v2\/media\/1383"}],"wp:attachment":[{"href":"https:\/\/www.hdebalzac.fr\/la-serre\/index.php\/wp-json\/wp\/v2\/media?parent=1380"}],"wp:term":[{"taxonomy":"product_cat","embeddable":true,"href":"https:\/\/www.hdebalzac.fr\/la-serre\/index.php\/wp-json\/wp\/v2\/product_cat?post=1380"},{"taxonomy":"product_tag","embeddable":true,"href":"https:\/\/www.hdebalzac.fr\/la-serre\/index.php\/wp-json\/wp\/v2\/product_tag?post=1380"}],"curies":[{"name":"wp","href":"https:\/\/api.w.org\/{rel}","templated":true}]}}