{"id":5580,"date":"2022-01-19T12:28:09","date_gmt":"2022-01-19T11:28:09","guid":{"rendered":"https:\/\/www.hdebalzac.fr\/?page_id=5580"},"modified":"2022-01-19T13:15:39","modified_gmt":"2022-01-19T12:15:39","slug":"portes-ouvertes-2","status":"publish","type":"page","link":"https:\/\/www.hdebalzac.fr\/index.php\/portes-ouvertes-2\/","title":{"rendered":"Portes Ouvertes"},"content":{"rendered":"\t\t<div data-elementor-type=\"wp-page\" data-elementor-id=\"5580\" class=\"elementor elementor-5580\">\n\t\t\t\t\t\t<section class=\"elementor-section elementor-top-section elementor-element elementor-element-zoazchl elementor-section-full_width elementor-section-height-default elementor-section-height-default\" data-id=\"zoazchl\" data-element_type=\"section\" data-e-type=\"section\">\n\t\t\t\t\t\t<div class=\"elementor-container elementor-column-gap-default\">\n\t\t\t\t\t<div class=\"elementor-column elementor-col-100 elementor-top-column elementor-element elementor-element-tqhjtcf\" data-id=\"tqhjtcf\" data-element_type=\"column\" data-e-type=\"column\">\n\t\t\t<div class=\"elementor-widget-wrap elementor-element-populated\">\n\t\t\t\t\t\t<div class=\"elementor-element elementor-element-cbe4571 elementor-widget elementor-widget-video\" data-id=\"cbe4571\" data-element_type=\"widget\" data-e-type=\"widget\" data-settings=\"{&quot;youtube_url&quot;:&quot;https:\\\/\\\/youtu.be\\\/A6YQwMuqvxY&quot;,&quot;autoplay&quot;:&quot;yes&quot;,&quot;mute&quot;:&quot;yes&quot;,&quot;video_type&quot;:&quot;youtube&quot;,&quot;controls&quot;:&quot;yes&quot;}\" data-widget_type=\"video.default\">\n\t\t\t\t<div class=\"elementor-widget-container\">\n\t\t\t\t\t\t\t<div class=\"elementor-wrapper elementor-open-inline\">\n\t\t\t<div class=\"elementor-video\"><\/div>\t\t<\/div>\n\t\t\t\t\t\t<\/div>\n\t\t\t\t<\/div>\n\t\t\t\t\t<\/div>\n\t\t<\/div>\n\t\t\t\t\t<\/div>\n\t\t<\/section>\n\t\t\t\t<section class=\"elementor-section elementor-top-section elementor-element elementor-element-1e15be6 elementor-section-boxed elementor-section-height-default elementor-section-height-default\" data-id=\"1e15be6\" data-element_type=\"section\" data-e-type=\"section\" data-settings=\"{&quot;background_background&quot;:&quot;classic&quot;}\">\n\t\t\t\t\t\t<div class=\"elementor-container elementor-column-gap-default\">\n\t\t\t\t\t<div class=\"elementor-column elementor-col-100 elementor-top-column elementor-element elementor-element-80e49e7\" data-id=\"80e49e7\" data-element_type=\"column\" data-e-type=\"column\" data-settings=\"{&quot;background_background&quot;:&quot;classic&quot;}\">\n\t\t\t<div class=\"elementor-widget-wrap elementor-element-populated\">\n\t\t\t\t\t\t<div class=\"elementor-element elementor-element-e09b845 elementor-widget elementor-widget-heading\" data-id=\"e09b845\" data-element_type=\"widget\" data-e-type=\"widget\" data-widget_type=\"heading.default\">\n\t\t\t\t<div class=\"elementor-widget-container\">\n\t\t\t\t\t<h2 class=\"elementor-heading-title elementor-size-large\">Lien vers les JPO Virtuelles<\/h2>\t\t\t\t<\/div>\n\t\t\t\t<\/div>\n\t\t\t\t<div class=\"elementor-element elementor-element-c2ddccb elementor-tabs-view-vertical elementor-widget elementor-widget-tabs\" data-id=\"c2ddccb\" data-element_type=\"widget\" data-e-type=\"widget\" data-widget_type=\"tabs.default\">\n\t\t\t\t<div class=\"elementor-widget-container\">\n\t\t\t\t\t\t\t<div class=\"elementor-tabs\">\n\t\t\t<div class=\"elementor-tabs-wrapper\" role=\"tablist\" >\n\t\t\t\t\t\t\t\t\t<div id=\"elementor-tab-title-2041\" class=\"elementor-tab-title elementor-tab-desktop-title\" aria-selected=\"true\" data-tab=\"1\" role=\"tab\" tabindex=\"0\" aria-controls=\"elementor-tab-content-2041\" aria-expanded=\"false\">BTS Bioqualit\u00e9<\/div>\n\t\t\t\t\t\t\t\t\t<div id=\"elementor-tab-title-2042\" class=\"elementor-tab-title elementor-tab-desktop-title\" aria-selected=\"false\" data-tab=\"2\" role=\"tab\" tabindex=\"-1\" aria-controls=\"elementor-tab-content-2042\" aria-expanded=\"false\">CAP Fleuriste<\/div>\n\t\t\t\t\t\t\t<\/div>\n\t\t\t<div class=\"elementor-tabs-content-wrapper\" role=\"tablist\" aria-orientation=\"vertical\">\n\t\t\t\t\t\t\t\t\t<div class=\"elementor-tab-title elementor-tab-mobile-title\" aria-selected=\"true\" data-tab=\"1\" role=\"tab\" tabindex=\"0\" aria-controls=\"elementor-tab-content-2041\" aria-expanded=\"false\">BTS Bioqualit\u00e9<\/div>\n\t\t\t\t\t<div id=\"elementor-tab-content-2041\" class=\"elementor-tab-content elementor-clearfix\" data-tab=\"1\" role=\"tabpanel\" aria-labelledby=\"elementor-tab-title-2041\" tabindex=\"0\" hidden=\"false\"><p>Le BTS Bioqualit\u00e9 se pr\u00e9pare en 2 ans apr\u00e8s le bac par apprentissage. <strong>Il est accessible \u00e0 tout \u00e9l\u00e8ve titulaire d&rsquo;un baccalaur\u00e9at : bac g\u00e9n\u00e9ral, bac technologique ou bac professionnel.<\/strong><\/p><p>Le titulaire de ce BTS participe au management de la qualit\u00e9, de l&rsquo;hygi\u00e8ne, de la s\u00e9curit\u00e9 et de l&rsquo;environnement. Sa formation scientifique (math\u00e9matiques et physique-chimie) et technologique lui permet d&rsquo;acqu\u00e9rir des comp\u00e9tences en management de la qualit\u00e9, en bioexpertise (biochimie, microbiologie et g\u00e9nie alimentaire) et des connaissances sur les proc\u00e9d\u00e9s de production, les conditions de leur r\u00e9alisation, les mesures d&rsquo;hygi\u00e8ne et s\u00e9curit\u00e9 \u00e0 respecter.\u00a0<\/p><p>Ce technicien travaille essentiellement dans les bio-industries (agroalimentaires, pharmaceutiques, cosm\u00e9tiques), la sant\u00e9, l&rsquo;environnement (gestion et valorisation des d\u00e9chets, gestion de l&rsquo;impact environnemental et de la transition \u00e9nerg\u00e9tique d&rsquo;une entreprise).\u00a0<\/p><p><strong>Liens vers les portes ouvertes virtuelles du BTS BIOQUALITE<\/strong><br \/>Nous vous invitons \u00e0 l&rsquo;issue de la visioconf\u00e9rence \u00e0 remplir une fiche contact <a href=\"https:\/\/www.hdebalzac.fr\/index.php\/contact\/\" target=\"_blank\" rel=\"noopener\"><span style=\"text-decoration: underline;\"><strong><span style=\"color: #0000ff; text-decoration: underline;\">\u00ab\u00a0Ici\u00a0\u00bb<\/span><\/strong><\/span><\/a>.<\/p><p>Pour suivre la conf\u00e9rence, il vous suffit de rejoindre la r\u00e9union<br \/>virtuelle Zoom avec les liens ci-dessous.<\/p><p><strong>Lien pour la r\u00e9union de 9h :<\/strong><\/p><p><span style=\"color: #0000ff;\"><strong><a style=\"color: #0000ff;\" href=\"https:\/\/zoom.us\/j\/98485340250?pwd=T2NKSm02THFaRXpwMk5hT2VrRmQ4dz09\" target=\"_blank\" rel=\"noopener noreferrer\">https:\/\/zoom.us\/j\/98485340250?pwd=T2NKSm02THFaRXpwMk5hT2VrRmQ4dz09<\/a><\/strong><\/span><\/p><p>ID de r\u00e9union : 984 8534 0250<br \/>Code secret : 7W2t8k<\/p><p>&#8212;\u00a0<\/p><p><strong>Lien pour la r\u00e9union de 10h :<\/strong><\/p><p><span style=\"color: #0000ff;\"><strong><a style=\"color: #0000ff;\" href=\"https:\/\/zoom.us\/j\/91930270466?pwd=ZEFzaGFBQkZNMndnaklaZ21sQlQ5UT09\" target=\"_blank\" rel=\"noopener noreferrer\">https:\/\/zoom.us\/j\/91930270466?pwd=ZEFzaGFBQkZNMndnaklaZ21sQlQ5UT09<\/a><\/strong><\/span><\/p><p>ID de r\u00e9union : 919 3027 0466<br \/>Code secret : 6AF15V<\/p><p>&#8212;\u00a0<\/p><p><strong>Lien pour la r\u00e9union de 11h :<\/strong><\/p><p><span style=\"color: #0000ff;\"><strong><a style=\"color: #0000ff;\" href=\"https:\/\/zoom.us\/j\/92456011399?pwd=S3I3Q3huTk1jR2I3aTErZ1hPc3V5Zz09\" target=\"_blank\" rel=\"noopener noreferrer\">https:\/\/zoom.us\/j\/92456011399?pwd=S3I3Q3huTk1jR2I3aTErZ1hPc3V5Zz09<\/a><\/strong><\/span><\/p><p>ID de r\u00e9union : 924 5601 1399<br \/>Code secret : 2z63dd<\/p><p>\u00a0<\/p><\/div>\n\t\t\t\t\t\t\t\t\t<div class=\"elementor-tab-title elementor-tab-mobile-title\" aria-selected=\"false\" data-tab=\"2\" role=\"tab\" tabindex=\"-1\" aria-controls=\"elementor-tab-content-2042\" aria-expanded=\"false\">CAP Fleuriste<\/div>\n\t\t\t\t\t<div id=\"elementor-tab-content-2042\" class=\"elementor-tab-content elementor-clearfix\" data-tab=\"2\" role=\"tabpanel\" aria-labelledby=\"elementor-tab-title-2042\" tabindex=\"0\" hidden=\"hidden\"><p><strong>Le CAP est un dipl\u00f4me professionnel National d\u00e9livr\u00e9 par le Minist\u00e8re de l&rsquo;Education nationale. Il se pr\u00e9pare en 2 ans apr\u00e8s la 3\u00e8me<\/strong>, en apprentissage ou dans le cadre d&rsquo;une reconversion professionnelle. En fonction du profil et des besoins de l&rsquo;\u00e9l\u00e8ve, le dipl\u00f4me peut aussi se pr\u00e9parer en 1 an. <strong>L&rsquo;apprenti est form\u00e9 aux techniques et aux savoir-faire professionnels du m\u00e9tier de fleuriste<\/strong> et travaille le plus souvent dans un magasin, au rayon sp\u00e9cialis\u00e9 d&rsquo;une grande surface ou dans une entreprise de d\u00e9coration. Il assure la r\u00e9ception des fleurs coup\u00e9es, des plantes et des arbustes. Il sait les conserver et les entretenir. <strong>Dot\u00e9 d&rsquo;un esprit cr\u00e9atif, il r\u00e9alise des arrangements floraux<\/strong> en utilisant les techniques traditionnelles de dressage, de montage et de piquage ainsi que des techniques innovantes. Il assure la vente courante des plantes et fleurs, conseille la client\u00e8le et concourt \u00e0 sa fid\u00e9lisation. Son \u00e9tat d&rsquo;esprit est celui d&rsquo;un bon gestionnaire, soucieux de qualit\u00e9 et d&rsquo;efficacit\u00e9. Le CAP d\u00e9bouche sur la vie active. L&rsquo;apprenti peut choisir de poursuivre sa formation par un brevet professionnel puis un brevet de ma\u00eetrise sup\u00e9rieur.<\/p><p><strong>Liens vers les portes ouvertes virtuelles du CAP FLEURISTE<\/strong><br \/>Nous vous invitons \u00e0 l&rsquo;issue de la visioconf\u00e9rence \u00e0 remplir une fiche contact <a href=\"https:\/\/www.hdebalzac.fr\/index.php\/contact\/\" target=\"_blank\" rel=\"noopener\"><span style=\"text-decoration: underline;\"><strong><span style=\"color: #0000ff; text-decoration: underline;\">\u00ab\u00a0Ici\u00a0\u00bb<\/span><\/strong><\/span><\/a>.<\/p><p>Pour suivre la conf\u00e9rence, il vous suffit de rejoindre la r\u00e9union<br \/>virtuelle Zoom avec les liens ci-dessous.<\/p><p><strong>Lien pour la r\u00e9union de 9h :<\/strong><\/p><p><span style=\"color: #0000ff;\"><strong><a style=\"color: #0000ff;\" href=\"https:\/\/zoom.us\/j\/2648783992?pwd=NlFwS2RjTStzVEpaTDdtQnFuL2tmQT09\" target=\"_blank\" rel=\"noopener noreferrer\">https:\/\/zoom.us\/j\/2648783992?pwd=NlFwS2RjTStzVEpaTDdtQnFuL2tmQT09<\/a><\/strong><\/span><\/p><p>ID de r\u00e9union : 264 878 3992<br \/>Code secret : 9uE683<\/p><p>&#8212;<\/p><p><strong>Lien pour la r\u00e9union de 10h15 :<\/strong><\/p><p><strong><span style=\"color: #0000ff;\"><a style=\"color: #0000ff;\" href=\"https:\/\/zoom.us\/j\/99864292323?pwd=NjRPekIwbGJjT1F3SXVpSE03V1UvQT09\" target=\"_blank\" rel=\"noopener noreferrer\">https:\/\/zoom.us\/j\/99864292323?pwd=NjRPekIwbGJjT1F3SXVpSE03V1UvQT09<\/a><\/span><\/strong><\/p><p>ID de r\u00e9union : 998 6429 2323<br \/>Code secret : s4BrA6<\/p><p>&#8212;<\/p><p><strong>Lien pour la r\u00e9union de 11h30 :<\/strong><\/p><p><strong><span style=\"color: #0000ff;\"><a style=\"color: #0000ff;\" href=\"https:\/\/zoom.us\/j\/94484234422?pwd=VGtHVHhHZ3VZai90Y0lWV1JEOGhIUT09\" target=\"_blank\" rel=\"noopener noreferrer\">https:\/\/zoom.us\/j\/94484234422?pwd=VGtHVHhHZ3VZai90Y0lWV1JEOGhIUT09<\/a><\/span><\/strong><\/p><p>ID de r\u00e9union : 944 8423 4422<br \/>Code secret : ub1c2n<\/p><\/div>\n\t\t\t\t\t\t\t<\/div>\n\t\t<\/div>\n\t\t\t\t\t\t<\/div>\n\t\t\t\t<\/div>\n\t\t\t\t\t<\/div>\n\t\t<\/div>\n\t\t\t\t\t<\/div>\n\t\t<\/section>\n\t\t\t\t<section class=\"elementor-section elementor-top-section elementor-element elementor-element-1e5e971 elementor-section-boxed elementor-section-height-default elementor-section-height-default\" data-id=\"1e5e971\" data-element_type=\"section\" data-e-type=\"section\">\n\t\t\t\t\t\t<div class=\"elementor-container elementor-column-gap-default\">\n\t\t\t\t\t<div class=\"elementor-column elementor-col-100 elementor-top-column elementor-element elementor-element-4b56ded\" data-id=\"4b56ded\" data-element_type=\"column\" data-e-type=\"column\">\n\t\t\t<div class=\"elementor-widget-wrap\">\n\t\t\t\t\t\t\t<\/div>\n\t\t<\/div>\n\t\t\t\t\t<\/div>\n\t\t<\/section>\n\t\t\t\t<\/div>\n\t\t","protected":false},"excerpt":{"rendered":"<p>Lien vers les JPO Virtuelles BTS Bioqualit\u00e9 CAP Fleuriste BTS Bioqualit\u00e9 Le BTS Bioqualit\u00e9 se pr\u00e9pare en 2 ans apr\u00e8s le bac par apprentissage. Il est accessible \u00e0 tout \u00e9l\u00e8ve [&hellip;]<\/p>\n","protected":false},"author":1,"featured_media":0,"parent":0,"menu_order":0,"comment_status":"closed","ping_status":"closed","template":"","meta":{"ocean_post_layout":"full-width","ocean_both_sidebars_style":"","ocean_both_sidebars_content_width":0,"ocean_both_sidebars_sidebars_width":0,"ocean_sidebar":"0","ocean_second_sidebar":"0","ocean_disable_margins":"enable","ocean_add_body_class":"","ocean_shortcode_before_top_bar":"","ocean_shortcode_after_top_bar":"","ocean_shortcode_before_header":"","ocean_shortcode_after_header":"","ocean_has_shortcode":"","ocean_shortcode_after_title":"","ocean_shortcode_before_footer_widgets":"","ocean_shortcode_after_footer_widgets":"","ocean_shortcode_before_footer_bottom":"","ocean_shortcode_after_footer_bottom":"","ocean_display_top_bar":"default","ocean_display_header":"default","ocean_header_style":"","ocean_center_header_left_menu":"0","ocean_custom_header_template":"0","ocean_custom_logo":0,"ocean_custom_retina_logo":0,"ocean_custom_logo_max_width":0,"ocean_custom_logo_tablet_max_width":0,"ocean_custom_logo_mobile_max_width":0,"ocean_custom_logo_max_height":0,"ocean_custom_logo_tablet_max_height":0,"ocean_custom_logo_mobile_max_height":0,"ocean_header_custom_menu":"0","ocean_menu_typo_font_family":"0","ocean_menu_typo_font_subset":"","ocean_menu_typo_font_size":0,"ocean_menu_typo_font_size_tablet":0,"ocean_menu_typo_font_size_mobile":0,"ocean_menu_typo_font_size_unit":"px","ocean_menu_typo_font_weight":"","ocean_menu_typo_font_weight_tablet":"","ocean_menu_typo_font_weight_mobile":"","ocean_menu_typo_transform":"","ocean_menu_typo_transform_tablet":"","ocean_menu_typo_transform_mobile":"","ocean_menu_typo_line_height":0,"ocean_menu_typo_line_height_tablet":0,"ocean_menu_typo_line_height_mobile":0,"ocean_menu_typo_line_height_unit":"","ocean_menu_typo_spacing":0,"ocean_menu_typo_spacing_tablet":0,"ocean_menu_typo_spacing_mobile":0,"ocean_menu_typo_spacing_unit":"","ocean_menu_link_color":"","ocean_menu_link_color_hover":"","ocean_menu_link_color_active":"","ocean_menu_link_background":"","ocean_menu_link_hover_background":"","ocean_menu_link_active_background":"","ocean_menu_social_links_bg":"","ocean_menu_social_hover_links_bg":"","ocean_menu_social_links_color":"","ocean_menu_social_hover_links_color":"","ocean_disable_title":"on","ocean_disable_heading":"default","ocean_post_title":"","ocean_post_subheading":"","ocean_post_title_style":"","ocean_post_title_background_color":"","ocean_post_title_background":0,"ocean_post_title_bg_image_position":"","ocean_post_title_bg_image_attachment":"","ocean_post_title_bg_image_repeat":"","ocean_post_title_bg_image_size":"","ocean_post_title_height":0,"ocean_post_title_bg_overlay":0.5,"ocean_post_title_bg_overlay_color":"","ocean_disable_breadcrumbs":"default","ocean_breadcrumbs_color":"","ocean_breadcrumbs_separator_color":"","ocean_breadcrumbs_links_color":"","ocean_breadcrumbs_links_hover_color":"","ocean_display_footer_widgets":"default","ocean_display_footer_bottom":"default","ocean_custom_footer_template":"0","omw_enable_modal_window":"enable","footnotes":""},"class_list":["post-5580","page","type-page","status-publish","hentry","entry"],"publishpress_future_action":{"enabled":false,"date":"2026-05-24 15:00:49","action":"change-status","newStatus":"draft","terms":[],"taxonomy":"pp_notify_user","extraData":[]},"publishpress_future_workflow_manual_trigger":{"enabledWorkflows":[]},"_links":{"self":[{"href":"https:\/\/www.hdebalzac.fr\/index.php\/wp-json\/wp\/v2\/pages\/5580","targetHints":{"allow":["GET"]}}],"collection":[{"href":"https:\/\/www.hdebalzac.fr\/index.php\/wp-json\/wp\/v2\/pages"}],"about":[{"href":"https:\/\/www.hdebalzac.fr\/index.php\/wp-json\/wp\/v2\/types\/page"}],"author":[{"embeddable":true,"href":"https:\/\/www.hdebalzac.fr\/index.php\/wp-json\/wp\/v2\/users\/1"}],"replies":[{"embeddable":true,"href":"https:\/\/www.hdebalzac.fr\/index.php\/wp-json\/wp\/v2\/comments?post=5580"}],"version-history":[{"count":21,"href":"https:\/\/www.hdebalzac.fr\/index.php\/wp-json\/wp\/v2\/pages\/5580\/revisions"}],"predecessor-version":[{"id":5619,"href":"https:\/\/www.hdebalzac.fr\/index.php\/wp-json\/wp\/v2\/pages\/5580\/revisions\/5619"}],"wp:attachment":[{"href":"https:\/\/www.hdebalzac.fr\/index.php\/wp-json\/wp\/v2\/media?parent=5580"}],"curies":[{"name":"wp","href":"https:\/\/api.w.org\/{rel}","templated":true}]}}