{"id":11197,"date":"2026-04-01T09:56:47","date_gmt":"2026-04-01T07:56:47","guid":{"rendered":"https:\/\/www.hdebalzac.fr\/?page_id=11197"},"modified":"2026-04-02T15:54:32","modified_gmt":"2026-04-02T13:54:32","slug":"taxe-d-apprentissage","status":"publish","type":"page","link":"https:\/\/www.hdebalzac.fr\/index.php\/taxe-d-apprentissage\/","title":{"rendered":"Taxe d&rsquo;apprentissage"},"content":{"rendered":"\t\t<div data-elementor-type=\"wp-page\" data-elementor-id=\"11197\" class=\"elementor elementor-11197\">\n\t\t\t\t\t\t<section class=\"elementor-section elementor-top-section elementor-element elementor-element-cb80807 elementor-section-boxed elementor-section-height-default elementor-section-height-default\" data-id=\"cb80807\" data-element_type=\"section\" data-e-type=\"section\">\n\t\t\t\t\t\t<div class=\"elementor-container elementor-column-gap-default\">\n\t\t\t\t\t<div class=\"elementor-column elementor-col-100 elementor-top-column elementor-element elementor-element-071ed68\" data-id=\"071ed68\" data-element_type=\"column\" data-e-type=\"column\">\n\t\t\t<div class=\"elementor-widget-wrap elementor-element-populated\">\n\t\t\t\t\t\t<div class=\"elementor-element elementor-element-b04e0f6 elementor-widget elementor-widget-heading\" data-id=\"b04e0f6\" data-element_type=\"widget\" data-e-type=\"widget\" data-widget_type=\"heading.default\">\n\t\t\t\t<div class=\"elementor-widget-container\">\n\t\t\t\t\t<h2 class=\"elementor-heading-title elementor-size-default\">TAXE D'APPRENTISSAGE<\/h2>\t\t\t\t<\/div>\n\t\t\t\t<\/div>\n\t\t\t\t<div class=\"elementor-element elementor-element-f0c2fe4 elementor-widget elementor-widget-text-editor\" data-id=\"f0c2fe4\" data-element_type=\"widget\" data-e-type=\"widget\" data-widget_type=\"text-editor.default\">\n\t\t\t\t<div class=\"elementor-widget-container\">\n\t\t\t\t\t\t\t\t\t<p style=\"box-sizing: inherit; margin-bottom: 0px; color: #333333; font-family: 'Open Sans', sans-serif; font-variant-ligatures: normal; font-variant-caps: normal; text-align: right; font-style: italic; font-size: 16px; font-weight: bold;\">Code UAI :\u00a0<span style=\"box-sizing: inherit; color: #5e824f;\">0341001D<\/span><\/p><p style=\"box-sizing: inherit; margin-bottom: 0px; color: #333333; font-family: 'Open Sans', sans-serif; font-variant-ligatures: normal; font-variant-caps: normal; text-align: right; font-style: italic; font-size: 16px; font-weight: bold;\">Siret :\u00a0<span style=\"box-sizing: inherit; color: #5e824f;\">19341001600011<\/span><\/p><p style=\"box-sizing: inherit; margin-bottom: 0px; color: #333333; font-family: 'Open Sans', sans-serif; font-variant-ligatures: normal; font-variant-caps: normal; text-align: right; font-style: italic; font-size: 16px; font-weight: bold;\">Plateforme pour le solde de la taxe d&rsquo;apprentissage\u00a0<a style=\"box-sizing: inherit; color: #c0392b; cursor: pointer;\" href=\"https:\/\/www.net-entreprises.fr\/declaration\/solde-de-la-taxe-dapprentissage-soltea-2\/\" target=\"_blank\" rel=\"noopener\">SOLT\u00e9A<\/a><\/p><p style=\"box-sizing: inherit; margin-bottom: 0px; color: #333333; font-family: 'Open Sans', sans-serif; font-variant-ligatures: normal; font-variant-caps: normal; text-align: right; font-style: italic; font-size: 16px; font-weight: bold;\"><a style=\"box-sizing: inherit; color: #c0392b; cursor: pointer;\" href=\"https:\/\/www.soltea.education.gouv.fr\/espace-public\/faq-employeurs-taxe-apprentissage#terme-105\" target=\"_blank\" rel=\"noopener\">FAQ Employeur<\/a><\/p>\t\t\t\t\t\t\t\t<\/div>\n\t\t\t\t<\/div>\n\t\t\t\t\t<\/div>\n\t\t<\/div>\n\t\t\t\t\t<\/div>\n\t\t<\/section>\n\t\t\t\t<section class=\"elementor-section elementor-top-section elementor-element elementor-element-aa0354f elementor-section-boxed elementor-section-height-default elementor-section-height-default\" data-id=\"aa0354f\" data-element_type=\"section\" data-e-type=\"section\">\n\t\t\t\t\t\t<div class=\"elementor-container elementor-column-gap-default\">\n\t\t\t\t\t<div class=\"elementor-column elementor-col-100 elementor-top-column elementor-element elementor-element-f5aa947\" data-id=\"f5aa947\" data-element_type=\"column\" data-e-type=\"column\">\n\t\t\t<div class=\"elementor-widget-wrap elementor-element-populated\">\n\t\t\t\t\t\t<div class=\"elementor-element elementor-element-bedc6e5 elementor-widget elementor-widget-text-editor\" data-id=\"bedc6e5\" data-element_type=\"widget\" data-e-type=\"widget\" data-widget_type=\"text-editor.default\">\n\t\t\t\t<div class=\"elementor-widget-container\">\n\t\t\t\t\t\t\t\t\t<blockquote style=\"scrollbar-color: #363a5b #a3a7bc; margin: 0px; overflow: hidden; text-overflow: ellipsis; color: #006a9d; border-left-width: 2px; border-left-color: #1010ff; border-right-width: 2px; border-right-color: #006a9d; background-color: rgba(241, 243, 244, 0.5); padding-right: 0.4em; padding-left: 0.4em; font-family: Verdana, Geneva, sans-serif; font-size: 13.3333px; font-style: normal; font-variant-ligatures: normal; font-variant-caps: normal; font-weight: 400; scrollbar-width: thin !important;\">\n<div id=\"v1replybody1\" style=\"font-size: 10pt; font-family: Verdana, Geneva, sans-serif; scrollbar-width: thin !important; scrollbar-color: #363a5b #a3a7bc !important;\">\n<p style=\"margin-bottom: 1rem; color: #3a3a3a; font-size: 16px; font-family: Marianne, arial, sans-serif; background-color: #ffffff; scrollbar-width: thin !important; scrollbar-color: #363a5b #a3a7bc !important;\">Madame, monsieur, chers professionnels.<\/p>\n<p style=\"margin-bottom: 1rem; color: #3a3a3a; font-size: 16px; font-family: Marianne, arial, sans-serif; background-color: #ffffff; scrollbar-width: thin !important; scrollbar-color: #363a5b #a3a7bc !important;\">La collecte de la taxe d\u2019apprentissage repr\u00e9sente un enjeu essentiel pour le lyc\u00e9e\u00a0 Honor\u00e9 de Balzac. Cet apport financier permet en effet de soutenir la qualit\u00e9 des formations propos\u00e9es aux \u00e9l\u00e8ves, en particulier dans les fili\u00e8res technologiques et professionnelles. Gr\u00e2ce \u00e0 la taxe d\u2019apprentissage, l\u2019\u00e9tablissement peut moderniser ses \u00e9quipements p\u00e9dagogiques, d\u00e9velopper de nouveaux projets \u00e9ducatifs et renforcer l\u2019accompagnement des jeunes vers leur insertion professionnelle.<\/p>\n<p style=\"margin-bottom: 1rem; color: #3a3a3a; font-size: 16px; font-family: Marianne, arial, sans-serif; background-color: #ffffff; scrollbar-width: thin !important; scrollbar-color: #363a5b #a3a7bc !important;\">Contribuer \u00e0 la taxe d\u2019apprentissage, c\u2019est participer directement \u00e0 la r\u00e9ussite des \u00e9l\u00e8ves en leur offrant des conditions d\u2019apprentissage adapt\u00e9es aux exigences actuelles du monde du travail. Ces ressources permettent, par exemple, de renouveler les mat\u00e9riels sp\u00e9cialis\u00e9s, de financer des nos laboratoires, notre halle agroalimentaire, ou encore de mettre en place des partenariats avec des entreprises.<\/p>\n<p style=\"margin-bottom: 1rem; color: #3a3a3a; font-size: 16px; font-family: Marianne, arial, sans-serif; background-color: #ffffff; scrollbar-width: thin !important; scrollbar-color: #363a5b #a3a7bc !important;\">Le lyc\u00e9e remercie l\u2019ensemble des entreprises qui choisissent de lui verser leur taxe d\u2019apprentissage. Leur soutien est indispensable pour continuer \u00e0 proposer des formations performantes, innovantes et tourn\u00e9es vers l\u2019avenir. Gr\u00e2ce \u00e0 cette collaboration, les \u00e9l\u00e8ves b\u00e9n\u00e9ficient d\u2019un enseignement de qualit\u00e9 et se pr\u00e9parent dans les meilleures conditions \u00e0 leur avenir professionnel.<\/p>\n<p style=\"margin-bottom: 1rem; color: #3a3a3a; font-size: 16px; font-family: Marianne, arial, sans-serif; background-color: #ffffff; scrollbar-width: thin !important; scrollbar-color: #363a5b #a3a7bc !important;\">Nous remercions \u00e9galement celles et ceux qui, accueillant nos \u00e9l\u00e8ves et apprentis au sein de leur entreprise, contribuent \u00e0 leur formation et leur insertion professionnelle.<\/p>\n<p style=\"margin-bottom: 1rem; color: #3a3a3a; font-size: 16px; font-family: Marianne, arial, sans-serif; background-color: #ffffff; scrollbar-width: thin !important; scrollbar-color: #363a5b #a3a7bc !important;\">Bien cordialement<\/p>\n<p style=\"margin-bottom: 1rem; color: #3a3a3a; font-size: 16px; font-family: Marianne, arial, sans-serif; background-color: #ffffff; scrollbar-width: thin !important; scrollbar-color: #363a5b #a3a7bc !important;\">\nJean Louis Brifflot<br>\nDirecteur EPLEFPA Castelnau Le Lez<br>\nProviseur Lyc\u00e9e Honor\u00e9 de Balzac<br>\n7, avenue de la Galine<br>\n34170 Castelnau Le Lez<\/p>\n\n<\/div><\/blockquote>\t\t\t\t\t\t\t\t<\/div>\n\t\t\t\t<\/div>\n\t\t\t\t\t<\/div>\n\t\t<\/div>\n\t\t\t\t\t<\/div>\n\t\t<\/section>\n\t\t\t\t<section class=\"elementor-section elementor-top-section elementor-element elementor-element-d96e802 elementor-section-boxed elementor-section-height-default elementor-section-height-default\" data-id=\"d96e802\" data-element_type=\"section\" data-e-type=\"section\">\n\t\t\t\t\t\t<div class=\"elementor-container elementor-column-gap-default\">\n\t\t\t\t\t<div class=\"elementor-column elementor-col-100 elementor-top-column elementor-element elementor-element-a9bc840\" data-id=\"a9bc840\" data-element_type=\"column\" data-e-type=\"column\">\n\t\t\t<div class=\"elementor-widget-wrap elementor-element-populated\">\n\t\t\t\t\t\t<div class=\"elementor-element elementor-element-0fbaee0 elementor-widget elementor-widget-html\" data-id=\"0fbaee0\" data-element_type=\"widget\" data-e-type=\"widget\" data-widget_type=\"html.default\">\n\t\t\t\t<div class=\"elementor-widget-container\">\n\t\t\t\t\t<div class=\"taxe2025-wrap\">\r\n\r\n<img\r\nsrc=\"https:\/\/www.hdebalzac.fr\/wp-content\/uploads\/2026\/04\/TaxeApprentissage2025-v7.1-scaled.jpg\"\r\nalt=\"Taxe d'apprentissage 2025\"\r\nclass=\"taxe2025-img\"\r\n>\r\n\r\n<a\r\nclass=\"taxe2025-zone\"\r\nhref=\"https:\/\/www.net-entreprises.fr\/declaration\/solde-de-la-taxe-dapprentissage-soltea-2\/\"\r\ntarget=\"_blank\"\r\nrel=\"noopener\"\r\ntitle=\"Taxe d'apprentissage\"\r\n><\/a>\r\n\r\n<a\r\nclass=\"formations-zone\"\r\nhref=\"https:\/\/www.hdebalzac.fr\/index.php\/formations\/\"\r\ntarget=\"_blank\"\r\nrel=\"noopener\"\r\ntitle=\"formations\"\r\n><\/a>\r\n\r\n<\/div>\r\n\r\n<style>\r\n\r\n.taxe2025-wrap{\r\nposition:relative;\r\nmax-width:1200px;\r\nmargin:auto;\r\n}\r\n\r\n.taxe2025-img{\r\nwidth:100%;\r\nheight:auto;\r\ndisplay:block;\r\n}\r\n\r\n.taxe2025-zone{\r\nposition:absolute;\r\nleft:28%;\r\ntop:70%;\r\nwidth:40%;\r\nheight:4%;\r\ndisplay:block;\r\nz-index:2;\r\n}\r\n\r\n.formations-zone{\r\nposition:absolute;\r\nleft:25%;\r\ntop:88%;\r\nwidth:50%;\r\nheight:4%;\r\ndisplay:block;\r\nz-index:2;\r\n}\r\n\r\n\/* aide visuelle au survol (optionnel) *\/\r\n\r\n.taxe2025-zone:hover{\r\noutline:2px solid white;\r\noutline-offset:-2px;\r\n}\r\n\r\n<\/style>\t\t\t\t<\/div>\n\t\t\t\t<\/div>\n\t\t\t\t\t<\/div>\n\t\t<\/div>\n\t\t\t\t\t<\/div>\n\t\t<\/section>\n\t\t\t\t<\/div>\n\t\t","protected":false},"excerpt":{"rendered":"<p>TAXE D&rsquo;APPRENTISSAGE Code UAI :\u00a00341001D Siret :\u00a019341001600011 Plateforme pour le solde de la taxe d&rsquo;apprentissage\u00a0SOLT\u00e9A FAQ Employeur Madame, monsieur, chers professionnels. La collecte de la taxe d\u2019apprentissage repr\u00e9sente un enjeu [&hellip;]<\/p>\n","protected":false},"author":1,"featured_media":0,"parent":0,"menu_order":0,"comment_status":"closed","ping_status":"closed","template":"","meta":{"ocean_post_layout":"","ocean_both_sidebars_style":"","ocean_both_sidebars_content_width":0,"ocean_both_sidebars_sidebars_width":0,"ocean_sidebar":"","ocean_second_sidebar":"","ocean_disable_margins":"enable","ocean_add_body_class":"","ocean_shortcode_before_top_bar":"","ocean_shortcode_after_top_bar":"","ocean_shortcode_before_header":"","ocean_shortcode_after_header":"","ocean_has_shortcode":"","ocean_shortcode_after_title":"","ocean_shortcode_before_footer_widgets":"","ocean_shortcode_after_footer_widgets":"","ocean_shortcode_before_footer_bottom":"","ocean_shortcode_after_footer_bottom":"","ocean_display_top_bar":"default","ocean_display_header":"default","ocean_header_style":"","ocean_center_header_left_menu":"","ocean_custom_header_template":"","ocean_custom_logo":0,"ocean_custom_retina_logo":0,"ocean_custom_logo_max_width":0,"ocean_custom_logo_tablet_max_width":0,"ocean_custom_logo_mobile_max_width":0,"ocean_custom_logo_max_height":0,"ocean_custom_logo_tablet_max_height":0,"ocean_custom_logo_mobile_max_height":0,"ocean_header_custom_menu":"","ocean_menu_typo_font_family":"","ocean_menu_typo_font_subset":"","ocean_menu_typo_font_size":0,"ocean_menu_typo_font_size_tablet":0,"ocean_menu_typo_font_size_mobile":0,"ocean_menu_typo_font_size_unit":"px","ocean_menu_typo_font_weight":"","ocean_menu_typo_font_weight_tablet":"","ocean_menu_typo_font_weight_mobile":"","ocean_menu_typo_transform":"","ocean_menu_typo_transform_tablet":"","ocean_menu_typo_transform_mobile":"","ocean_menu_typo_line_height":0,"ocean_menu_typo_line_height_tablet":0,"ocean_menu_typo_line_height_mobile":0,"ocean_menu_typo_line_height_unit":"","ocean_menu_typo_spacing":0,"ocean_menu_typo_spacing_tablet":0,"ocean_menu_typo_spacing_mobile":0,"ocean_menu_typo_spacing_unit":"","ocean_menu_link_color":"","ocean_menu_link_color_hover":"","ocean_menu_link_color_active":"","ocean_menu_link_background":"","ocean_menu_link_hover_background":"","ocean_menu_link_active_background":"","ocean_menu_social_links_bg":"","ocean_menu_social_hover_links_bg":"","ocean_menu_social_links_color":"","ocean_menu_social_hover_links_color":"","ocean_disable_title":"default","ocean_disable_heading":"default","ocean_post_title":"","ocean_post_subheading":"","ocean_post_title_style":"","ocean_post_title_background_color":"","ocean_post_title_background":0,"ocean_post_title_bg_image_position":"","ocean_post_title_bg_image_attachment":"","ocean_post_title_bg_image_repeat":"","ocean_post_title_bg_image_size":"","ocean_post_title_height":0,"ocean_post_title_bg_overlay":0.5,"ocean_post_title_bg_overlay_color":"","ocean_disable_breadcrumbs":"default","ocean_breadcrumbs_color":"","ocean_breadcrumbs_separator_color":"","ocean_breadcrumbs_links_color":"","ocean_breadcrumbs_links_hover_color":"","ocean_display_footer_widgets":"default","ocean_display_footer_bottom":"default","ocean_custom_footer_template":"","omw_enable_modal_window":"enable","footnotes":""},"class_list":["post-11197","page","type-page","status-publish","hentry","entry"],"publishpress_future_action":{"enabled":false,"date":"2026-04-14 13:52:49","action":"change-status","newStatus":"draft","terms":[],"taxonomy":"pp_notify_user","extraData":[]},"publishpress_future_workflow_manual_trigger":{"enabledWorkflows":[]},"_links":{"self":[{"href":"https:\/\/www.hdebalzac.fr\/index.php\/wp-json\/wp\/v2\/pages\/11197","targetHints":{"allow":["GET"]}}],"collection":[{"href":"https:\/\/www.hdebalzac.fr\/index.php\/wp-json\/wp\/v2\/pages"}],"about":[{"href":"https:\/\/www.hdebalzac.fr\/index.php\/wp-json\/wp\/v2\/types\/page"}],"author":[{"embeddable":true,"href":"https:\/\/www.hdebalzac.fr\/index.php\/wp-json\/wp\/v2\/users\/1"}],"replies":[{"embeddable":true,"href":"https:\/\/www.hdebalzac.fr\/index.php\/wp-json\/wp\/v2\/comments?post=11197"}],"version-history":[{"count":29,"href":"https:\/\/www.hdebalzac.fr\/index.php\/wp-json\/wp\/v2\/pages\/11197\/revisions"}],"predecessor-version":[{"id":11271,"href":"https:\/\/www.hdebalzac.fr\/index.php\/wp-json\/wp\/v2\/pages\/11197\/revisions\/11271"}],"wp:attachment":[{"href":"https:\/\/www.hdebalzac.fr\/index.php\/wp-json\/wp\/v2\/media?parent=11197"}],"curies":[{"name":"wp","href":"https:\/\/api.w.org\/{rel}","templated":true}]}}